{"id":58,"date":"2025-10-28T04:39:00","date_gmt":"2025-10-28T04:39:00","guid":{"rendered":"https:\/\/uncrossablerush.gr.com\/?page_id=58"},"modified":"2026-02-06T10:03:50","modified_gmt":"2026-02-06T10:03:50","slug":"home1","status":"publish","type":"page","link":"https:\/\/uncrossablerush.gr.com\/cs\/","title":{"rendered":"home1"},"content":{"rendered":"<section class=\"gb-element-c0819d6c banner\">\n<div class=\"gb-element-0659d418\">\n<div class=\"wp-block-columns is-layout-flex wp-container-core-columns-is-layout-9d6595d7 wp-block-columns-is-layout-flex\">\n<div class=\"wp-block-column is-layout-flow wp-block-column-is-layout-flow\">\n<h2 class=\"gb-text gb-text-155ce4c1\">Uncrossable Rush : Strategie, jak vyhr\u00e1t pen\u00edze ve h\u0159e s kohoutem, kter\u00fd p\u0159ech\u00e1z\u00ed d\u00e1lnici<\/h2>\n\n\n\n<p class=\"has-text-align-center has-base-3-color has-text-color has-link-color wp-elements-5c45ec9dd0a1512c089f0d5fdfdfd2df\"><strong>Za\u010dn\u011bte hr\u00e1t hru s kohoutem, kter\u00fd mus\u00ed p\u0159ej\u00edt d\u00e1lnici. Vyu\u017eijte vynikaj\u00edc\u00ed bonus 5 000 \u20ac a vyzkou\u0161ejte si hru!<\/strong><\/p>\n\n\n\n<div class=\"wp-block-columns is-layout-flex wp-container-core-columns-is-layout-9d6595d7 wp-block-columns-is-layout-flex\">\n<div class=\"wp-block-column is-layout-flow wp-block-column-is-layout-flow\" style=\"flex-basis:20px\"><\/div>\n\n\n\n<div class=\"wp-block-column is-layout-flow wp-block-column-is-layout-flow\">\n<a class=\"gb-text gb-text-50c1af7c\" href=\"\/play\/\">P\u0158EHR\u00c1V\u00c1N\u00cd V DEMO RE\u017dIMU<\/a>\n<\/div>\n\n\n\n<div class=\"wp-block-column is-layout-flow wp-block-column-is-layout-flow\">\n<a class=\"gb-text gb-text-6d7e1e7e\" href=\"\/play\/\">HR\u00c1T S RE\u00c1LN\u00ddMI PEN\u011aZI<\/a>\n<\/div>\n\n\n\n<div class=\"wp-block-column is-layout-flow wp-block-column-is-layout-flow\" style=\"flex-basis:20px\"><\/div>\n<\/div>\n<\/div>\n<\/div>\n<\/div>\n<\/section>\n\n\n\n<div class=\"gb-element-5775e498\">\n<h1 class=\"wp-block-heading\">Uncrossable Rush recenze: je tato hra spolehliv\u00e1?<\/h1>\n\n\n\n<p>U\u017e v\u00e1s nebav\u00ed nech\u00e1vat o sv\u00e9m osudu rozhodovat \u0161t\u011bst\u00ed v klasick\u00fdch automatech bez skute\u010dn\u00e9 interakce nebo mo\u017enosti rozhodov\u00e1n\u00ed? Na\u0161e recenze hry Uncrossable Rush se zab\u00fdv\u00e1 t\u00edmto jedine\u010dn\u00fdm titulem spole\u010dnosti Evoplay, kter\u00fd v\u00e1m vrac\u00ed kontrolu nad situac\u00ed prost\u0159ednictv\u00edm <strong>mechanismus k\u0159\u00ed\u017een\u00ed silnic, kter\u00fd je mu\u010div\u00fd a z\u00e1rove\u0148 v\u00fdnosn\u00fd.<\/strong>. Nyn\u00ed se dozv\u00edte, jak vyu\u017e\u00edt \u0161t\u011bdr\u00e9 RTP 97% a pokusit se vyhr\u00e1t maxim\u00e1ln\u00ed v\u00fdhru ve v\u00fd\u0161i 10 000n\u00e1sobku va\u0161eho vkladu d\u00edky na\u0161im strategi\u00edm \u0159\u00edzen\u00ed rizik.<\/p>\n\n\n\n<ol class=\"wp-block-list\">\n<li><a href=\"#gnomi-uncrossable-rush-crash-game\">N\u00e1\u0161 n\u00e1zor na Uncrossable Rush: hra s vysok\u00fdm potenci\u00e1lem<\/a><\/li>\n\n\n\n<li><a href=\"#epipeda-dyskolias-pollaplasiastes\">4 \u00farovn\u011b obt\u00ed\u017enosti pro nastaven\u00ed n\u00e1sobitel\u016f<\/a><\/li>\n\n\n\n<li><a href=\"#axiopistia-logismikou-demo\">Spolehlivost softwaru a bezplatn\u00fd p\u0159\u00edstup k demoverzi<\/a><\/li>\n\n\n\n<li><a href=\"#stratigikes-kerdoforias-evoplay\">3 strategie, jak vyhr\u00e1t v tomto titulu Evoplay<\/a><\/li>\n<\/ol>\n\n\n\n<h2 class=\"wp-block-heading\" id=\"gnomi-uncrossable-rush-crash-game\">N\u00e1\u0161 n\u00e1zor na Uncrossable Rush: hra s vysok\u00fdm potenci\u00e1lem<\/h2>\n\n\n\n<p>Tento titul <strong>n\u00e1siln\u011b naru\u0161uje obvykl\u00e1 pravidla<\/strong> zapome\u0148te na v\u0161e, co jste si mysleli, \u017ee v\u00edte o tradi\u010dn\u00edch hrac\u00edch automatech.<\/p>\n\n\n\n<h3 class=\"wp-block-heading\">My\u0161lenka spole\u010dnosti Evoplay mimo hrac\u00ed automaty<\/h3>\n\n\n\n<p>Tato hra se v\u016fbec nepodob\u00e1 klasick\u00fdm automat\u016fm, kter\u00e9 zn\u00e1te. Nejsou zde \u017e\u00e1dn\u00e1 kola, ale odv\u00e1\u017en\u00e9 ku\u0159e, kter\u00e9 p\u0159ech\u00e1z\u00ed silnici plnou provozu. <strong>Zm\u011bna prost\u0159ed\u00ed je pro hr\u00e1\u010de naprostou zm\u011bnou<\/strong>.<\/p>\n\n\n\n<p>Spole\u010dnost Evoplay se etabluje jako geni\u00e1ln\u00ed tv\u016frce tohoto jedine\u010dn\u00e9ho z\u00e1\u017eitku. V\u00fdvoj\u00e1\u0159 vsadil v\u0161e na manu\u00e1ln\u00ed interakci hr\u00e1\u010d\u016f, na rozd\u00edl od pasivn\u00edch her. Je to <strong>modern\u00ed a vysoce dynamick\u00e1 hra crash<\/strong> kter\u00e1 p\u0159itahuje pozornost.<\/p>\n\n\n\n<p>M\u011bjte plnou kontrolu nad ka\u017ed\u00fdm krokem, kter\u00fd ud\u011bl\u00e1te. Postupujte krok za krokem a propo\u010d\u00edtejte ka\u017ed\u00e9 riziko, kter\u00e9 podstupujete. Tento mechanismus <strong>je v radik\u00e1ln\u00edm rozporu s obvykl\u00fdmi automatick\u00fdmi rotacemi.<\/strong> kter\u00e9 lze nal\u00e9zt jinde na trhu.<\/p>\n\n\n\n<p>Hratelnost z\u016fst\u00e1v\u00e1 neuv\u011b\u0159iteln\u011b intuitivn\u00ed. Rychle pochop\u00edte, jak se vyh\u00fdbat aut\u016fm, abyste se vyhnuli aut\u016fm. <strong>vyhr\u00e1t<\/strong>.<\/p>\n\n\n\n<h3 class=\"wp-block-heading\">Anal\u00fdza <strong>RTP<\/strong> 97% a vysok\u00e1 volatilita<\/h3>\n\n\n\n<p>Srovnejte toto vysok\u00e9 RTP 97% s obl\u00edben\u00fdmi klasick\u00fdmi hrami, jako je Starburst. Tato m\u00edra je prok\u00e1z\u00e1na <strong>mnohem \u0161t\u011bd\u0159ej\u0161\u00ed pro n\u00e1ro\u010dn\u00e9 hr\u00e1\u010de.<\/strong>. Je to p\u0159esv\u011bd\u010div\u00fd argument pro va\u0161i strategii.<\/p>\n\n\n\n<p>Promluvme si otev\u0159en\u011b o vysok\u00e9 volatilit\u011b tohoto titulu. Zisky mohou b\u00fdt obrovsk\u00e9, ale vy\u017eaduj\u00ed ocelovou trp\u011blivost. Mus\u00edte se sm\u00ed\u0159it s t\u00edm, \u017ee budete <strong>prohr\u00e1t n\u011bkolik s\u00e1zek, ne\u017e vyhrajete tu velkou.<\/strong> na kter\u00e9 jste tak dlouho \u010dekali.<\/p>\n\n\n\n<ul class=\"wp-block-list\">\n<li>RTP: 97%<\/li>\n\n\n\n<li><strong>Volatilita<\/strong>: Vysok\u00e1<\/li>\n\n\n\n<li><strong>Tisk<\/strong>: Hra Crash<\/li>\n\n\n\n<li><strong>Poskytovatel<\/strong>: Evoplay<\/li>\n<\/ul>\n\n\n\n<p>Tato technick\u00e1 kombinace <strong>jasn\u011b up\u0159ednost\u0148uje velk\u00e9 multiplik\u00e1tory<\/strong>. Milovn\u00edci adrenalinu budou nad\u0161eni.<\/p>\n\n\n\n<h2 class=\"wp-block-heading\" id=\"epipeda-dyskolias-pollaplasiastes\">4 \u00farovn\u011b obt\u00ed\u017enosti pro nastaven\u00ed n\u00e1sobitel\u016f<\/h2>\n\n\n\n<p>Pod\u00edvejme se nyn\u00ed, jak <strong>hra se konkr\u00e9tn\u011b odehr\u00e1v\u00e1<\/strong> na asfaltu.<\/p>\n\n\n\n<h3 class=\"wp-block-heading\">Mechanismy hry a postupu ku\u0159ete na cest\u011b<\/h3>\n\n\n\n<p>Ka\u017ed\u00fd \u00fasp\u011b\u0161n\u00fd krok spole\u010dnosti Eggwina <strong>okam\u017eit\u011b zv\u00fd\u0161\u00ed v\u00e1\u0161 n\u00e1sobitel<\/strong>. Na t\u00e9to 24proud\u00e9 d\u00e1lnici mus\u00edte pokra\u010dovat, ani\u017e by v\u00e1s n\u011bkdo srazil. \u010c\u00edm d\u00e1le jedete, t\u00edm je to intenzivn\u011bj\u0161\u00ed.<\/p>\n\n\n\n<p>P\u0159i postupu se panel Rush zapl\u0148uje. Umo\u017e\u0148uje v\u00e1m <strong>odemknout potenci\u00e1ln\u00ed bonusy<\/strong> b\u011bhem zased\u00e1n\u00ed. Je to detail, kter\u00fd dod\u00e1v\u00e1 j\u00edzd\u011b na zaj\u00edmavosti.<\/p>\n\n\n\n<p>Sami se rozhodnete, kdy p\u0159estat. Vypl\u00e1cen\u00ed pen\u011bz je mo\u017en\u00e9 kdykoli p\u0159ed nehodou. To je kl\u00ed\u010d k <strong>neskon\u010dete zdrceni<\/strong>.<\/p>\n\n\n\n<p>Rytmus je intenzivn\u00ed. Ka\u017ed\u00e9 kliknut\u00ed je <strong>strategick\u00e9 rozhodnut\u00ed pro va\u0161i pen\u011b\u017eenku<\/strong>.<\/p>\n\n\n\n<h3 class=\"wp-block-heading\">Srovn\u00e1n\u00ed v\u00fdd\u011blk\u016f mezi produkty Eucolo a Hardcore<\/h3>\n\n\n\n<p>Tato tabulka ukazuje vliv obt\u00ed\u017enosti na va\u0161e \u0161ance. Re\u017eim Hardcore nab\u00edz\u00ed <strong>explozivn\u00ed zisky ve srovn\u00e1n\u00ed s jednoduchou ch\u016fz\u00ed<\/strong> snadn\u00e9ho ovl\u00e1d\u00e1n\u00ed.<\/p>\n\n\n\n<figure class=\"wp-block-table\"><table class=\"has-fixed-layout\"><thead><tr><th>\u00darove\u0148<\/th><th>Riziko<\/th><th>Maxim\u00e1ln\u00ed n\u00e1sobitel<\/th><th>Profil hr\u00e1\u010de<\/th><\/tr><\/thead><tbody><tr><td>Easy<\/td><td>N\u00edzk\u00e1<\/td><td>St\u0159edn\u00ed<\/td><td>Obez\u0159etn\u00fd<\/td><\/tr><tr><td>St\u0159edn\u00ed<\/td><td>Vyv\u00e1\u017een\u00fd<\/td><td>Vysok\u00e1<\/td><td>Pravideln\u00e9<\/td><\/tr><tr><td>Obt\u00ed\u017en\u00e9<\/td><td>Vysok\u00e1<\/td><td>Velmi d\u016fle\u017eit\u00e9<\/td><td>Strategick\u00e9<\/td><\/tr><tr><td>Hardcore<\/td><td>Extr\u00e9mn\u00ed<\/td><td>V\u00fdbu\u0161nina<\/td><td>Rizika<\/td><\/tr><\/tbody><\/table><\/figure>\n\n\n\n<p>Na str\u00e1nk\u00e1ch <strong>maxim\u00e1ln\u00ed v\u00fdhra m\u016f\u017ee dos\u00e1hnout a\u017e 10 000n\u00e1sobku po\u010d\u00e1te\u010dn\u00ed s\u00e1zky.<\/strong>. Na tento typ hry je to p\u016fsobiv\u00e9 \u010d\u00edslo, kter\u00e9 ospravedl\u0148uje riziko.<\/p>\n\n\n\n<p><strong>Rozd\u00edly v riziku jsou brut\u00e1ln\u00ed<\/strong>. P\u0159i snadn\u00e9m provozu jsou auta vz\u00e1cn\u00e1. V hardcore re\u017eimu je silnice skute\u010dn\u00fdm peklem.<\/p>\n\n\n\n<p>Vyberte si podle sv\u00e9ho rozpo\u010dtu. <strong>Obez\u0159etnost se \u010dasto vyplat\u00ed v dlouhodob\u00e9m horizontu<\/strong>.<\/p>\n\n\n\n<h2 class=\"wp-block-heading\" id=\"axiopistia-logismikou-demo\">Spolehlivost softwaru a bezplatn\u00fd p\u0159\u00edstup k demoverzi<\/h2>\n\n\n\n<p>Krom\u011b po\u017eitku ze hry, <strong>ot\u00e1zka bezpe\u010dnosti z\u016fst\u00e1v\u00e1 prvo\u0159ad\u00e1<\/strong> pro ka\u017ed\u00e9ho seri\u00f3zn\u00edho hr\u00e1\u010de.<\/p>\n\n\n\n<h3 class=\"wp-block-heading\">Prokazateln\u011b spravedliv\u00e1 technologie a zabezpe\u010den\u00ed loterie<\/h3>\n\n\n\n<p>Uncrossable Rush prokazuje svou f\u00e9rovost d\u00edky zabudovan\u00e9 technologii Provably Fair. Tento syst\u00e9m vyu\u017e\u00edv\u00e1 blockchain k tomu, aby <strong>zaru\u010dit absolutn\u00ed transparentnost<\/strong> ka\u017ed\u00e9ho pohybu. \u017d\u00e1dn\u00e9 triky zde nejsou mo\u017en\u00e9.<\/p>\n\n\n\n<p>U tohoto titulu se nemus\u00edte b\u00e1t \u017e\u00e1dn\u00e9ho podvodu. Poskytovatel proch\u00e1z\u00ed pravideln\u00fdmi audity nez\u00e1visl\u00fdch organizac\u00ed, kter\u00e9 ov\u011b\u0159uj\u00ed platnost RNG. <strong>Va\u0161e pen\u00edze a \u0161ance na v\u00fdhru jsou chr\u00e1n\u011bny.<\/strong> podle p\u0159\u00edsn\u00fdch protokol\u016f.<\/p>\n\n\n\n<p>M\u011bli byste si b\u00fdt v\u011bdomi toho, \u017ee ka\u017ed\u00e9 losov\u00e1n\u00ed m\u016f\u017ee hr\u00e1\u010d ov\u011b\u0159it pomoc\u00ed hash\u016f. Je to d\u016fkaz dobr\u00e9 v\u00edry ze strany Evoplay. <strong>D\u016fv\u011bra je tedy absolutn\u00ed<\/strong>.<\/p>\n\n\n\n<p>Hrajte si s hlavou v klidu. \u0397 <strong>\u0161t\u011bst\u00ed je zde \u010dist\u00e9 a certifikovan\u00e9<\/strong> z k\u00f3du.<\/p>\n\n\n\n<h3 class=\"wp-block-heading\">Hrajte bez registrace na mobilu a po\u010d\u00edta\u010di<\/h3>\n\n\n\n<p><strong>Vyu\u017eijte bezplatnou demoverzi<\/strong>. M\u016f\u017eete si tak vyzkou\u0161et r\u016fzn\u00e9 \u00farovn\u011b obt\u00ed\u017enosti, ani\u017e byste riskovali jedin\u00fd cent. Je ide\u00e1ln\u00ed pro tr\u00e9nink p\u0159ed skute\u010dnou hrou.<\/p>\n\n\n\n<p><strong>Optimalizace t\u00e9to hry pro mobiln\u00ed za\u0159\u00edzen\u00ed je pozoruhodn\u00e1.<\/strong>. Rozhran\u00ed se dokonale p\u0159izp\u016fsob\u00ed mal\u00fdm obrazovk\u00e1m chytr\u00fdch telefon\u016f bez ztr\u00e1ty kvality. M\u016f\u017eete tak sv\u00e9 ku\u0159e p\u0159im\u011bt p\u0159ej\u00edt silnici v dopravn\u00edch prost\u0159edc\u00edch nebo jinde. Jeho pou\u017e\u00edv\u00e1n\u00ed je velmi snadn\u00e9.<\/p>\n\n\n\n<p><strong>P\u0159\u00edstup do hry je okam\u017eit\u00fd<\/strong>. Pro spu\u0161t\u011bn\u00ed rychl\u00e9 testovac\u00ed d\u00e1vky nen\u00ed nutn\u00e9 vytv\u00e1\u0159et \u00fa\u010det. V\u0161e provedete jedn\u00edm kliknut\u00edm z prohl\u00ed\u017ee\u010de.<\/p>\n\n\n\n<p>Plynulost je zaru\u010dena na po\u010d\u00edta\u010di i tabletu. <strong>Zku\u0161enost z\u016fst\u00e1v\u00e1 stejn\u00e1<\/strong>.<\/p>\n\n\n\n<h2 class=\"wp-block-heading\" id=\"stratigikes-kerdoforias-evoplay\">3 strategie, jak vyhr\u00e1t v tomto titulu Evoplay<\/h2>\n\n\n\n<p>Abychom ide\u00e1ln\u011b dokon\u010dili toto hodnocen\u00ed Uncrossable Rush, pod\u00edvejme se, jak se <strong>prom\u011b\u0148te sv\u00e1 sezen\u00ed v hmatateln\u00e9 a v\u00fdrazn\u00e9 zisky.<\/strong>.<\/p>\n\n\n\n<h3 class=\"wp-block-heading\">\u0158\u00edzen\u00ed s\u00e1zek a ide\u00e1ln\u00ed \u010das pro v\u00fdb\u011br pen\u011bz<\/h3>\n\n\n\n<p>Ne\u017e za\u010dnete hr\u00e1t, stanovte si jasn\u00fd c\u00edl zisku. Nebu\u010fte p\u0159\u00edli\u0161 chamtiv\u00ed tv\u00e1\u0159\u00ed v tv\u00e1\u0159 siln\u00e9mu provozu. <strong>V\u011bd\u011bt, kdy p\u0159estat, je prvn\u00edm pravidlem v\u00edt\u011bze.<\/strong>.<\/p>\n\n\n\n<p>K zaji\u0161t\u011bn\u00ed sv\u00fdch finan\u010dn\u00edch prost\u0159edk\u016f pou\u017e\u00edvejte b\u011b\u017en\u00e9 metody cash-out. Nejlep\u0161\u00ed je <strong>\u010dasto obdr\u017e\u00edte mal\u00e9 n\u00e1sobitele<\/strong> ne\u017e ztratit v\u0161echno p\u0159i cest\u011b na M\u011bs\u00edc. Dlouhodob\u011b se v\u017edy vyplat\u00ed d\u016fslednost.<\/p>\n\n\n\n<ol class=\"wp-block-list\">\n<li><strong>Nastaven\u00ed denn\u00edho limitu ztr\u00e1ty<\/strong>.<\/li>\n\n\n\n<li><strong>Vyb\u00edrejte sv\u00e9 v\u00fdhry<\/strong> 2x nebo 3x.<\/li>\n\n\n\n<li><strong>Zm\u011bna s\u00e1zek<\/strong> v z\u00e1vislosti na va\u0161\u00ed intuici.<\/li>\n<\/ol>\n\n\n\n<p>Spravujte sv\u016fj bankroll naprosto d\u016fsledn\u011b. Je to <strong>jedin\u00fd zp\u016fsob, jak vydr\u017eet<\/strong> v Uncrossable Rush.<\/p>\n\n\n\n<h3 class=\"wp-block-heading\">Zvl\u00e1\u0161tnosti sez\u00f3nn\u00ed verze Uncrossable Rush X-mas<\/h3>\n\n\n\n<p>Pod\u00edvejme se nyn\u00ed na v\u00e1no\u010dn\u00ed verzi Uncrossable Rush. Sc\u00e9na se zm\u011bn\u00ed na <strong>zimn\u00ed a sv\u00e1te\u010dn\u00ed atmosf\u00e9ra velmi \u00fasp\u011b\u0161n\u00e1<\/strong>. Ku\u0159e m\u00e1 dokonce \u010dervenou \u010depi\u010dku.<\/p>\n\n\n\n<p>Uji\u0161\u0165uji v\u00e1s, \u017ee statistiky z\u016fst\u00e1vaj\u00ed stejn\u00e9. RTP 97% a n\u00e1sobitele se v\u016fbec nem\u011bn\u00ed. Je to jen <strong>vizu\u00e1ln\u00ed zm\u011bna p\u0159i v\u00e1no\u010dn\u00edch oslav\u00e1ch<\/strong>.<\/p>\n\n\n\n<p>Z\u00e1\u017eitek ze hry zde z\u016fst\u00e1v\u00e1 zcela nedot\u010den. Tato sez\u00f3nn\u00ed verze jen p\u0159in\u00e1\u0161\u00ed v\u00edtan\u00e9 grafick\u00e9 osv\u011b\u017een\u00ed. Str\u00e1nky <strong>hern\u00ed mechanismy jsou naprosto identick\u00e9<\/strong>.<\/p>\n\n\n\n<p>Je to p\u0159\u00edjemn\u00e1 alternativa ke zm\u011bn\u011b v\u00fdstav v zim\u011b. <strong>V\u00fdhry jsou stejn\u011b re\u00e1ln\u00e9 a atraktivn\u00ed<\/strong>.<\/p>\n\n\n\n<p>Tento titul s RTP 97% a vysokou volatilitou slibuje. <strong>v\u00fdhry a\u017e do v\u00fd\u0161e 10 000n\u00e1sobku vkladu.<\/strong>. Chcete-li si potvrdit sv\u016fj vlastn\u00ed n\u00e1zor na Uncrossable Rush, vyzkou\u0161ejte si bezplatnou verzi, ne\u017e za\u010dnete usilovat o jackpot. Za\u010dn\u011bte hr\u00e1t hned te\u010f a prom\u011b\u0148te ka\u017ed\u00fd odv\u00e1\u017en\u00fd p\u0159echod ve zvu\u010dn\u00e9 v\u00edt\u011bzstv\u00ed.<\/p>\n<\/div>","protected":false},"excerpt":{"rendered":"<p>Uncrossable Rush : \u0397 \u03c3\u03c4\u03c1\u03b1\u03c4\u03b7\u03b3\u03b9\u03ba\u03ae \u03b3\u03b9\u03b1 \u03bd\u03b1 \u03ba\u03b5\u03c1\u03b4\u03af\u03c3\u03b5\u03c4\u03b5 \u03c7\u03c1\u03ae\u03bc\u03b1\u03c4\u03b1 \u03c3\u03c4\u03bf \u03c0\u03b1\u03b9\u03c7\u03bd\u03af\u03b4\u03b9 \u03bc\u03b5 \u03c4\u03bf\u03bd \u03ba\u03cc\u03ba\u03bf\u03c1\u03b1 \u03c0\u03bf\u03c5 \u03b4\u03b9\u03b1\u03c3\u03c7\u03af\u03b6\u03b5\u03b9 \u03c4\u03bf\u03bd \u03b1\u03c5\u03c4\u03bf\u03ba\u03b9\u03bd\u03b7\u03c4\u03cc\u03b4\u03c1\u03bf\u03bc\u03bf \u039e\u03b5\u03ba\u03b9\u03bd\u03ae\u03c3\u03c4\u03b5 \u03bd\u03b1 \u03c0\u03b1\u03af\u03b6\u03b5\u03c4\u03b5 \u03c4\u03bf \u03c0\u03b1\u03b9\u03c7\u03bd\u03af\u03b4\u03b9 \u03bc\u03b5 \u03c4\u03bf\u03bd \u03ba\u03cc\u03ba\u03bf\u03c1\u03b1 \u03c0\u03bf\u03c5 \u03c0\u03c1\u03ad\u03c0\u03b5\u03b9 \u03bd\u03b1 \u03b4\u03b9\u03b1\u03c3\u03c7\u03af\u03c3\u03b5\u03b9 \u03c4\u03bf\u03bd \u03b1\u03c5\u03c4\u03bf\u03ba\u03b9\u03bd\u03b7\u03c4\u03cc\u03b4\u03c1\u03bf\u03bc\u03bf. \u0395\u03c0\u03c9\u03c6\u03b5\u03bb\u03b7\u03b8\u03b5\u03af\u03c4\u03b5 \u03b1\u03c0\u03cc \u03ad\u03bd\u03b1 \u03b5\u03be\u03b1\u03b9\u03c1\u03b5\u03c4\u03b9\u03ba\u03cc \u03bc\u03c0\u03cc\u03bd\u03bf\u03c5\u03c2 5.000\u20ac \u03b3\u03b9\u03b1 \u03bd\u03b1 \u03b4\u03bf\u03ba\u03b9\u03bc\u03ac\u03c3\u03b5\u03c4\u03b5 \u03c4\u03bf \u03c0\u03b1\u03b9\u03c7\u03bd\u03af\u03b4\u03b9! \u03a0\u0391\u0399\u039e\u03a4\u0395 \u03a3\u0395 \u039b\u0395\u0399\u03a4\u039f\u03a5\u03a1\u0393\u0399\u0391 DEMO \u03a0\u0391\u0399\u039e\u03a4\u0395 \u039c\u0395 \u03a0\u03a1\u0391\u0393\u039c\u0391\u03a4\u0399\u039a\u0391 \u03a7\u03a1\u0397\u039c\u0391\u03a4\u0391 \u0391\u03be\u03b9\u03bf\u03bb\u03cc\u03b3\u03b7\u03c3\u03b7 Uncrossable Rush: \u0395\u03af\u03bd\u03b1\u03b9 &#8230; <a title=\"home1\" class=\"read-more\" href=\"https:\/\/uncrossablerush.gr.com\/cs\/\" aria-label=\"\u010c\u00edst v\u00edce o home1\">Read more<\/a><\/p>","protected":false},"author":1,"featured_media":0,"parent":0,"menu_order":0,"comment_status":"closed","ping_status":"closed","template":"","meta":{"footnotes":""},"class_list":["post-58","page","type-page","status-publish"],"_links":{"self":[{"href":"https:\/\/uncrossablerush.gr.com\/cs\/wp-json\/wp\/v2\/pages\/58","targetHints":{"allow":["GET"]}}],"collection":[{"href":"https:\/\/uncrossablerush.gr.com\/cs\/wp-json\/wp\/v2\/pages"}],"about":[{"href":"https:\/\/uncrossablerush.gr.com\/cs\/wp-json\/wp\/v2\/types\/page"}],"author":[{"embeddable":true,"href":"https:\/\/uncrossablerush.gr.com\/cs\/wp-json\/wp\/v2\/users\/1"}],"replies":[{"embeddable":true,"href":"https:\/\/uncrossablerush.gr.com\/cs\/wp-json\/wp\/v2\/comments?post=58"}],"version-history":[{"count":58,"href":"https:\/\/uncrossablerush.gr.com\/cs\/wp-json\/wp\/v2\/pages\/58\/revisions"}],"predecessor-version":[{"id":269,"href":"https:\/\/uncrossablerush.gr.com\/cs\/wp-json\/wp\/v2\/pages\/58\/revisions\/269"}],"wp:attachment":[{"href":"https:\/\/uncrossablerush.gr.com\/cs\/wp-json\/wp\/v2\/media?parent=58"}],"curies":[{"name":"wp","href":"https:\/\/api.w.org\/{rel}","templated":true}]}}