{"id":58,"date":"2025-10-28T04:39:00","date_gmt":"2025-10-28T04:39:00","guid":{"rendered":"https:\/\/uncrossablerush.gr.com\/?page_id=58"},"modified":"2026-02-06T10:03:50","modified_gmt":"2026-02-06T10:03:50","slug":"home1","status":"publish","type":"page","link":"https:\/\/uncrossablerush.gr.com\/et\/","title":{"rendered":"home1"},"content":{"rendered":"<section class=\"gb-element-c0819d6c banner\">\n<div class=\"gb-element-0659d418\">\n<div class=\"wp-block-columns is-layout-flex wp-container-core-columns-is-layout-9d6595d7 wp-block-columns-is-layout-flex\">\n<div class=\"wp-block-column is-layout-flow wp-block-column-is-layout-flow\">\n<h2 class=\"gb-text gb-text-155ce4c1\">Uncrossable Rush : strateegia, et v\u00f5ita raha m\u00e4ngus, kus kukk \u00fcletab kiirteed<\/h2>\n\n\n\n<p class=\"has-text-align-center has-base-3-color has-text-color has-link-color wp-elements-5c45ec9dd0a1512c089f0d5fdfdfd2df\"><strong>Alusta m\u00e4ngu m\u00e4ngimist kikeriga, kes peab \u00fcletama maanteed. Kasuta m\u00e4ngu proovimiseks suurep\u00e4rast 5000-eurost boonust!<\/strong><\/p>\n\n\n\n<div class=\"wp-block-columns is-layout-flex wp-container-core-columns-is-layout-9d6595d7 wp-block-columns-is-layout-flex\">\n<div class=\"wp-block-column is-layout-flow wp-block-column-is-layout-flow\" style=\"flex-basis:20px\"><\/div>\n\n\n\n<div class=\"wp-block-column is-layout-flow wp-block-column-is-layout-flow\">\n<a class=\"gb-text gb-text-50c1af7c\" href=\"\/play\/\">M\u00c4NGIDA DEMORE\u017dIIMIS<\/a>\n<\/div>\n\n\n\n<div class=\"wp-block-column is-layout-flow wp-block-column-is-layout-flow\">\n<a class=\"gb-text gb-text-6d7e1e7e\" href=\"\/play\/\">M\u00c4NGIDA P\u00c4RIS RAHAGA<\/a>\n<\/div>\n\n\n\n<div class=\"wp-block-column is-layout-flow wp-block-column-is-layout-flow\" style=\"flex-basis:20px\"><\/div>\n<\/div>\n<\/div>\n<\/div>\n<\/div>\n<\/section>\n\n\n\n<div class=\"gb-element-5775e498\">\n<h1 class=\"wp-block-heading\">Uncrossable Rush l\u00e4bivaatamine: kas see crash m\u00e4ng on usaldusv\u00e4\u00e4rne?<\/h1>\n\n\n\n<p>Oled v\u00e4sinud sellest, et klassikalistes slotim\u00e4ngudes otsustab sinu saatuse puhas \u00f5nn ilma tegeliku suhtlemise v\u00f5i otsustus\u00f5iguseta? Meie \u00fclevaates Uncrossable Rush vaatleme seda ainulaadset Evoplay tiitlit, mis annab teile tagasi kontrolli l\u00e4bi <strong>tee\u00fcletusmehhanism, mis on nii piinarikas kui ka kasumlik<\/strong>. \u00d5ppige n\u00fc\u00fcd, kuidas kasutada \u00e4ra rikkalik RTP 97%, et proovida v\u00f5ita maksimaalne auhind, mis on 10 000 korda suurem kui teie panus, t\u00e4nu meie riskijuhtimisstrateegiatele.<\/p>\n\n\n\n<ol class=\"wp-block-list\">\n<li><a href=\"#gnomi-uncrossable-rush-crash-game\">Meie arvamus Uncrossable Rush kohta: suure potentsiaaliga crash-m\u00e4ng<\/a><\/li>\n\n\n\n<li><a href=\"#epipeda-dyskolias-pollaplasiastes\">4 raskusastet, et kohandada oma kordajaid<\/a><\/li>\n\n\n\n<li><a href=\"#axiopistia-logismikou-demo\">Tarkvara usaldusv\u00e4\u00e4rsus ja tasuta juurdep\u00e4\u00e4s demoversioonile<\/a><\/li>\n\n\n\n<li><a href=\"#stratigikes-kerdoforias-evoplay\">3 strateegiat selle Evoplay tiitli v\u00f5itmiseks<\/a><\/li>\n<\/ol>\n\n\n\n<h2 class=\"wp-block-heading\" id=\"gnomi-uncrossable-rush-crash-game\">Meie arvamus Uncrossable Rush kohta: suure potentsiaaliga crash-m\u00e4ng<\/h2>\n\n\n\n<p>See pealkiri <strong>\u00f5\u00f5nestab v\u00e4givaldselt tavalisi reegleid<\/strong> kasiino, nii et unusta k\u00f5ik, mida arvasid, et teadsid traditsioonilistest m\u00e4nguautomaatidest.<\/p>\n\n\n\n<h3 class=\"wp-block-heading\">Evoplay idee eemal teenindusaegadest<\/h3>\n\n\n\n<p>See m\u00e4ng ei ole midagi sellist nagu klassikalised m\u00e4nguautomaadid, mida te tunnete. Siin ei ole rattaid, vaid julge kana, kes \u00fcletab liiklust t\u00e4is teed. <strong>Maastiku vahetus on m\u00e4ngija jaoks totaalne<\/strong>.<\/p>\n\n\n\n<p>Evoplay on kehtestanud end selle ainulaadse kogemuse taga oleva s\u00e4rava peamehena. Arendaja panustab k\u00f5ike k\u00e4sitsi m\u00e4ngijate interaktsioonile, erinevalt passiivsetest m\u00e4ngudest. See on <strong>kaasaegne ja v\u00e4ga d\u00fcnaamiline crash-m\u00e4ng<\/strong> mis t\u00f5mbab t\u00e4helepanu.<\/p>\n\n\n\n<p>S\u00e4ilitage t\u00e4ielik kontroll iga sammu \u00fcle. Tegutsege samm-sammult, arvutades iga riski, mille v\u00f5tate. See mehhanism <strong>on radikaalses vastuolus tavap\u00e4raste automaatsete p\u00f6\u00f6retega<\/strong> mis mujal turul leidub.<\/p>\n\n\n\n<p>M\u00e4ngupilt on endiselt uskumatult intuitiivne. Sa saad kiiresti aru, kuidas autode v\u00e4ltimiseks autode eest k\u00f5rvale hiilida, et <strong>v\u00f5ita<\/strong>.<\/p>\n\n\n\n<h3 class=\"wp-block-heading\">Anal\u00fc\u00fcs <strong>RTP<\/strong> 97% ja k\u00f5rge volatiilsus<\/h3>\n\n\n\n<p>V\u00f5rdle seda tugevat RTP 97% populaarsete klassikaliste m\u00e4ngudega nagu Starburst. See m\u00e4\u00e4r on t\u00f5estatud <strong>m\u00e4rksa heldemate m\u00e4ngijate jaoks.<\/strong>. See on veenev argument teie strateegia kasuks.<\/p>\n\n\n\n<p>R\u00e4\u00e4gime avalikult selle pealkirja suurest volatiilsusest. Kasum v\u00f5ib olla tohutu, kuid see n\u00f5uab terast kannatlikkust. Sa pead leppima sellega, et sa <strong>kaotad paar panust enne, kui l\u00f6\u00f6d suure v\u00f5idu.<\/strong> mida olete nii kaua oodanud.<\/p>\n\n\n\n<ul class=\"wp-block-list\">\n<li>RTP: 97%<\/li>\n\n\n\n<li><strong>Volatiilsus<\/strong>: K\u00f5rge<\/li>\n\n\n\n<li><strong>Press<\/strong>: Crash m\u00e4ng<\/li>\n\n\n\n<li><strong>Teenusepakkuja<\/strong>: Evoplay<\/li>\n<\/ul>\n\n\n\n<p>See tehniline kombinatsioon <strong>soosib selgelt suuri kordajaid<\/strong>. Adrenaliinis\u00f5brad on vaimustuses.<\/p>\n\n\n\n<h2 class=\"wp-block-heading\" id=\"epipeda-dyskolias-pollaplasiastes\">4 raskusastet, et kohandada oma kordajaid<\/h2>\n\n\n\n<p>Vaatame n\u00fc\u00fcd, kuidas <strong>m\u00e4ng on konkreetselt k\u00e4imas<\/strong> asfaldil.<\/p>\n\n\n\n<h3 class=\"wp-block-heading\">M\u00e4ngumehhanismid ja kana edasiliikumine teel<\/h3>\n\n\n\n<p>Iga edukas samm Eggwina <strong>suurendab teie kordajat koheselt<\/strong>. Te peate sellel 24-realisel maanteel edasi s\u00f5itma, ilma et teid tabataks. Mida kaugemale te l\u00e4hete, seda intensiivsemaks muutub see.<\/p>\n\n\n\n<p>Rush'i riba t\u00e4itub, kui te edasi liigute. V\u00f5imaldab teil <strong>avada potentsiaalsed boonused<\/strong> istungi ajal. See on detail, mis lisab s\u00f5idule huvi.<\/p>\n\n\n\n<p>Te otsustate ise, millal l\u00f5petada. Raha on v\u00f5imalik igal ajal enne \u00f5nnetust v\u00e4lja v\u00f5tta. See on v\u00f5ti <strong>\u00e4rge l\u00f5petage purustatud<\/strong>.<\/p>\n\n\n\n<p>R\u00fctm on intensiivne. Iga kl\u00f5ps on <strong>strateegiline otsus teie rahakoti jaoks<\/strong>.<\/p>\n\n\n\n<h3 class=\"wp-block-heading\">Eucolo ja Hardcore sissetulekute v\u00f5rdlus<\/h3>\n\n\n\n<p>See tabel n\u00e4itab raskusastme m\u00f5ju teie t\u00f5en\u00e4osusele. Hardcore-re\u017eiim pakub <strong>plahvatuslik kasu v\u00f5rreldes lihtsa jalutusk\u00e4iguga<\/strong> Lihtne kasutamine.<\/p>\n\n\n\n<figure class=\"wp-block-table\"><table class=\"has-fixed-layout\"><thead><tr><th>Tasand<\/th><th>Risk<\/th><th>Maksimaalne kordaja<\/th><th>M\u00e4ngija profiil<\/th><\/tr><\/thead><tbody><tr><td>Lihtne<\/td><td>Madal<\/td><td>Keskmine<\/td><td>Ettevaatlik<\/td><\/tr><tr><td>Keskmine<\/td><td>Tasakaalustatud<\/td><td>K\u00f5rge<\/td><td>Tavaline<\/td><\/tr><tr><td>Raske<\/td><td>K\u00f5rge<\/td><td>V\u00e4ga oluline<\/td><td>Strateegiline<\/td><\/tr><tr><td>Hardcore<\/td><td>Extreme<\/td><td>Plahvatusohtlik<\/td><td>Riskid<\/td><\/tr><\/tbody><\/table><\/figure>\n\n\n\n<p>The <strong>maksimaalne v\u00f5it v\u00f5ib ulatuda 10,000-kordseks algsest panusest<\/strong>. See on muljetavaldav number seda t\u00fc\u00fcpi m\u00e4ngu jaoks, mis \u00f5igustab riski.<\/p>\n\n\n\n<p><strong>Riskide erinevused on j\u00f5hkrad<\/strong>. Lihtne tegevus, autod on haruldased. Hardcore re\u017eiimis on tee t\u00f5eline p\u00f5rgu.<\/p>\n\n\n\n<p>Valige vastavalt oma eelarvele. <strong>Ettevaatlikkus tasub sageli pikas perspektiivis \u00e4ra<\/strong>.<\/p>\n\n\n\n<h2 class=\"wp-block-heading\" id=\"axiopistia-logismikou-demo\">Tarkvara usaldusv\u00e4\u00e4rsus ja tasuta juurdep\u00e4\u00e4s demoversioonile<\/h2>\n\n\n\n<p>Lisaks m\u00e4ngu nautimisele, <strong>turvalisuse k\u00fcsimus on j\u00e4tkuvalt esmat\u00e4htis<\/strong> igale t\u00f5sisele m\u00e4ngijale.<\/p>\n\n\n\n<h3 class=\"wp-block-heading\">T\u00f5en\u00e4oliselt \u00f5iglane tehnoloogia ja loterii turvalisus<\/h3>\n\n\n\n<p>Uncrossable Rush t\u00f5estab oma \u00f5iglust t\u00e4nu sisseehitatud Provably Fair-tehnoloogiale. See s\u00fcsteem kasutab plokiahelat selleks, et <strong>tagada absoluutne l\u00e4bipaistvus<\/strong> iga liikumise kohta. Siin ei ole v\u00f5imalik mingeid trikke teha.<\/p>\n\n\n\n<p>\u00c4rge kartke pettust selles pealkirjas. Teenusepakkuja l\u00e4bib s\u00f5ltumatute organisatsioonide korrap\u00e4raseid auditeid, et valideerida RNG. <strong>Teie raha ja v\u00f5iduv\u00f5imalused on kaitstud<\/strong> rangete protokollidega.<\/p>\n\n\n\n<p>Te peaksite teadma, et iga loosimine on m\u00e4ngijale kontrollitav hashide kaudu. See on Evoplay hea usu t\u00f5end. <strong>Usaldus on seega absoluutne<\/strong>.<\/p>\n\n\n\n<p>M\u00e4ngige pea vaikselt. \u0397 <strong>\u00f5nne siin on puhas ja sertifitseeritud<\/strong> koodist.<\/p>\n\n\n\n<h3 class=\"wp-block-heading\">M\u00e4ngi ilma registreerimiseta mobiilis ja arvutis<\/h3>\n\n\n\n<p><strong>Kasutage tasuta demoversiooni<\/strong>. See v\u00f5imaldab teil proovida erinevaid raskusastmeid ilma \u00fchegi sendi riskimata. See sobib suurep\u00e4raselt harjutamiseks enne p\u00e4ris m\u00e4ngu.<\/p>\n\n\n\n<p><strong>Selle m\u00e4ngu mobiilne optimeerimine on t\u00e4helepanuv\u00e4\u00e4rne.<\/strong>. Kasutajaliides kohandub suurep\u00e4raselt nutitelefonide v\u00e4ikestele ekraanidele, ilma et see kaotaks kvaliteeti. Saate oma kana \u00fcle tee transpordis v\u00f5i mujal. Seda on v\u00e4ga lihtne kasutada.<\/p>\n\n\n\n<p><strong>Juurdep\u00e4\u00e4s m\u00e4ngule on kohene<\/strong>. Te ei pea looma kontot, et alustada kiiret proovipartiid. See k\u00f5ik on tehtud \u00fche kl\u00f5psuga teie brauserist.<\/p>\n\n\n\n<p>Sujuvus on tagatud nii arvutis kui ka tahvelarvutis. <strong>Kogemus j\u00e4\u00e4b identseks<\/strong>.<\/p>\n\n\n\n<h2 class=\"wp-block-heading\" id=\"stratigikes-kerdoforias-evoplay\">3 strateegiat selle Evoplay tiitli v\u00f5itmiseks<\/h2>\n\n\n\n<p>Selleks, et ideaalselt l\u00f5petada see Uncrossable Rush hindamine, vaatame, kuidas <strong>muuta oma seansid k\u00e4egakatsutavaks ja k\u00f5lavaks kasumiks<\/strong>.<\/p>\n\n\n\n<h3 class=\"wp-block-heading\">Panuste juhtimine ja ideaalne aeg raha v\u00e4ljamaksmiseks<\/h3>\n\n\n\n<p>Seadke endale v\u00e4ga selge kasumieesm\u00e4rk, enne kui hakkate m\u00e4ngima. \u00c4rge olge liiga ahne suure liikluse korral. <strong>Teadmine, millal l\u00f5petada, on v\u00f5itja esimene reegel.<\/strong>.<\/p>\n\n\n\n<p>Kasutage oma vahendite kindlustamiseks tavap\u00e4raseid v\u00e4ljamaksemeetodeid. K\u00f5ige parem on <strong>saate sageli v\u00e4ikeseid kordajaid<\/strong> selle asemel, et kaotada k\u00f5ik kuu poole p\u00fc\u00fcdlemisel. J\u00e4rjepidevus tasub pikas perspektiivis alati \u00e4ra.<\/p>\n\n\n\n<ol class=\"wp-block-list\">\n<li><strong>M\u00e4\u00e4rake p\u00e4evane kahjumi limiit<\/strong>.<\/li>\n\n\n\n<li><strong>V\u00f5itude v\u00e4ljamaksmine<\/strong> 2x v\u00f5i 3x.<\/li>\n\n\n\n<li><strong>Muuda panuseid<\/strong> s\u00f5ltuvalt teie intuitsioonist.<\/li>\n<\/ol>\n\n\n\n<p>Halda oma pangakontot absoluutse rangusega. See on <strong>ainus viis taluda<\/strong> Uncrossable Rush-s.<\/p>\n\n\n\n<h3 class=\"wp-block-heading\">Hooajalise versiooni Uncrossable Rush X-mas erip\u00e4rad<\/h3>\n\n\n\n<p>Vaatame n\u00fc\u00fcd Uncrossable Rush X-mas versiooni. Stseen muutub <strong>talvine ja pidulik atmosf\u00e4\u00e4r v\u00e4ga edukas<\/strong>. Kana kannab isegi v\u00e4ikest punast m\u00fctsi.<\/p>\n\n\n\n<p>Ma kinnitan teile, et statistika j\u00e4\u00e4b samaks. RTP 97% ja kordajad ei muutu \u00fcldse. See on lihtsalt <strong>visuaalne muutus j\u00f5ulupidustuste jaoks<\/strong>.<\/p>\n\n\n\n<p>M\u00e4ngu nautimine j\u00e4\u00e4b siin t\u00e4iesti puutumata. See hooajaline versioon toob lihtsalt teretulnud graafilist v\u00e4rskust. The <strong>m\u00e4ngumehaanika on rangelt identne<\/strong>.<\/p>\n\n\n\n<p>See on tore alternatiiv, et talvel saateid vahetada. <strong>V\u00f5idud on sama reaalsed ja atraktiivsed<\/strong>.<\/p>\n\n\n\n<p>RTP 97% ja selle k\u00f5rge volatiilsuse t\u00f5ttu lubab see tiitel j\u00e4rgmist. <strong>v\u00f5idud kuni 10,000-kordne panus<\/strong>. Et kinnitada oma arvamust Uncrossable Rush kohta, proovige tasuta versiooni, enne kui p\u00fc\u00fcate jackpotit. Alustage m\u00e4ngimist kohe, et muuta iga julge \u00fcletamine k\u00f5lavaks v\u00f5iduks.<\/p>\n<\/div>","protected":false},"excerpt":{"rendered":"<p>Uncrossable Rush : \u0397 \u03c3\u03c4\u03c1\u03b1\u03c4\u03b7\u03b3\u03b9\u03ba\u03ae \u03b3\u03b9\u03b1 \u03bd\u03b1 \u03ba\u03b5\u03c1\u03b4\u03af\u03c3\u03b5\u03c4\u03b5 \u03c7\u03c1\u03ae\u03bc\u03b1\u03c4\u03b1 \u03c3\u03c4\u03bf \u03c0\u03b1\u03b9\u03c7\u03bd\u03af\u03b4\u03b9 \u03bc\u03b5 \u03c4\u03bf\u03bd \u03ba\u03cc\u03ba\u03bf\u03c1\u03b1 \u03c0\u03bf\u03c5 \u03b4\u03b9\u03b1\u03c3\u03c7\u03af\u03b6\u03b5\u03b9 \u03c4\u03bf\u03bd \u03b1\u03c5\u03c4\u03bf\u03ba\u03b9\u03bd\u03b7\u03c4\u03cc\u03b4\u03c1\u03bf\u03bc\u03bf \u039e\u03b5\u03ba\u03b9\u03bd\u03ae\u03c3\u03c4\u03b5 \u03bd\u03b1 \u03c0\u03b1\u03af\u03b6\u03b5\u03c4\u03b5 \u03c4\u03bf \u03c0\u03b1\u03b9\u03c7\u03bd\u03af\u03b4\u03b9 \u03bc\u03b5 \u03c4\u03bf\u03bd \u03ba\u03cc\u03ba\u03bf\u03c1\u03b1 \u03c0\u03bf\u03c5 \u03c0\u03c1\u03ad\u03c0\u03b5\u03b9 \u03bd\u03b1 \u03b4\u03b9\u03b1\u03c3\u03c7\u03af\u03c3\u03b5\u03b9 \u03c4\u03bf\u03bd \u03b1\u03c5\u03c4\u03bf\u03ba\u03b9\u03bd\u03b7\u03c4\u03cc\u03b4\u03c1\u03bf\u03bc\u03bf. \u0395\u03c0\u03c9\u03c6\u03b5\u03bb\u03b7\u03b8\u03b5\u03af\u03c4\u03b5 \u03b1\u03c0\u03cc \u03ad\u03bd\u03b1 \u03b5\u03be\u03b1\u03b9\u03c1\u03b5\u03c4\u03b9\u03ba\u03cc \u03bc\u03c0\u03cc\u03bd\u03bf\u03c5\u03c2 5.000\u20ac \u03b3\u03b9\u03b1 \u03bd\u03b1 \u03b4\u03bf\u03ba\u03b9\u03bc\u03ac\u03c3\u03b5\u03c4\u03b5 \u03c4\u03bf \u03c0\u03b1\u03b9\u03c7\u03bd\u03af\u03b4\u03b9! \u03a0\u0391\u0399\u039e\u03a4\u0395 \u03a3\u0395 \u039b\u0395\u0399\u03a4\u039f\u03a5\u03a1\u0393\u0399\u0391 DEMO \u03a0\u0391\u0399\u039e\u03a4\u0395 \u039c\u0395 \u03a0\u03a1\u0391\u0393\u039c\u0391\u03a4\u0399\u039a\u0391 \u03a7\u03a1\u0397\u039c\u0391\u03a4\u0391 \u0391\u03be\u03b9\u03bf\u03bb\u03cc\u03b3\u03b7\u03c3\u03b7 Uncrossable Rush: \u0395\u03af\u03bd\u03b1\u03b9 &#8230; <a title=\"home1\" class=\"read-more\" href=\"https:\/\/uncrossablerush.gr.com\/et\/\" aria-label=\"Read more about home1\">Read more<\/a><\/p>","protected":false},"author":1,"featured_media":0,"parent":0,"menu_order":0,"comment_status":"closed","ping_status":"closed","template":"","meta":{"footnotes":""},"class_list":["post-58","page","type-page","status-publish"],"_links":{"self":[{"href":"https:\/\/uncrossablerush.gr.com\/et\/wp-json\/wp\/v2\/pages\/58","targetHints":{"allow":["GET"]}}],"collection":[{"href":"https:\/\/uncrossablerush.gr.com\/et\/wp-json\/wp\/v2\/pages"}],"about":[{"href":"https:\/\/uncrossablerush.gr.com\/et\/wp-json\/wp\/v2\/types\/page"}],"author":[{"embeddable":true,"href":"https:\/\/uncrossablerush.gr.com\/et\/wp-json\/wp\/v2\/users\/1"}],"replies":[{"embeddable":true,"href":"https:\/\/uncrossablerush.gr.com\/et\/wp-json\/wp\/v2\/comments?post=58"}],"version-history":[{"count":58,"href":"https:\/\/uncrossablerush.gr.com\/et\/wp-json\/wp\/v2\/pages\/58\/revisions"}],"predecessor-version":[{"id":269,"href":"https:\/\/uncrossablerush.gr.com\/et\/wp-json\/wp\/v2\/pages\/58\/revisions\/269"}],"wp:attachment":[{"href":"https:\/\/uncrossablerush.gr.com\/et\/wp-json\/wp\/v2\/media?parent=58"}],"curies":[{"name":"wp","href":"https:\/\/api.w.org\/{rel}","templated":true}]}}