{"id":58,"date":"2025-10-28T04:39:00","date_gmt":"2025-10-28T04:39:00","guid":{"rendered":"https:\/\/uncrossablerush.gr.com\/?page_id=58"},"modified":"2026-02-06T10:03:50","modified_gmt":"2026-02-06T10:03:50","slug":"home1","status":"publish","type":"page","link":"https:\/\/uncrossablerush.gr.com\/hu\/","title":{"rendered":"home1"},"content":{"rendered":"<section class=\"gb-element-c0819d6c banner\">\n<div class=\"gb-element-0659d418\">\n<div class=\"wp-block-columns is-layout-flex wp-container-core-columns-is-layout-9d6595d7 wp-block-columns-is-layout-flex\">\n<div class=\"wp-block-column is-layout-flow wp-block-column-is-layout-flow\">\n<h2 class=\"gb-text gb-text-155ce4c1\">Uncrossable Rush : Az aut\u00f3p\u00e1ly\u00e1n \u00e1tkel\u0151 kakasos j\u00e1t\u00e9kban a p\u00e9nznyer\u00e9s strat\u00e9gi\u00e1ja<\/h2>\n\n\n\n<p class=\"has-text-align-center has-base-3-color has-text-color has-link-color wp-elements-5c45ec9dd0a1512c089f0d5fdfdfd2df\"><strong>Kezdd el a j\u00e1t\u00e9kot a kakassal, akinek \u00e1t kell kelnie az aut\u00f3p\u00e1ly\u00e1n. Haszn\u00e1ld ki a kiv\u00e1l\u00f3 5000 eur\u00f3s b\u00f3nuszt, hogy kipr\u00f3b\u00e1ld a j\u00e1t\u00e9kot!<\/strong><\/p>\n\n\n\n<div class=\"wp-block-columns is-layout-flex wp-container-core-columns-is-layout-9d6595d7 wp-block-columns-is-layout-flex\">\n<div class=\"wp-block-column is-layout-flow wp-block-column-is-layout-flow\" style=\"flex-basis:20px\"><\/div>\n\n\n\n<div class=\"wp-block-column is-layout-flow wp-block-column-is-layout-flow\">\n<a class=\"gb-text gb-text-50c1af7c\" href=\"\/play\/\">DEMO M\u00d3DBAN J\u00c1TSZANI<\/a>\n<\/div>\n\n\n\n<div class=\"wp-block-column is-layout-flow wp-block-column-is-layout-flow\">\n<a class=\"gb-text gb-text-6d7e1e7e\" href=\"\/play\/\">VAL\u00d3DI P\u00c9NZZEL J\u00c1TSZANI<\/a>\n<\/div>\n\n\n\n<div class=\"wp-block-column is-layout-flow wp-block-column-is-layout-flow\" style=\"flex-basis:20px\"><\/div>\n<\/div>\n<\/div>\n<\/div>\n<\/div>\n<\/section>\n\n\n\n<div class=\"gb-element-5775e498\">\n<h1 class=\"wp-block-heading\">Uncrossable Rush fel\u00fclvizsg\u00e1lat: megb\u00edzhat\u00f3 ez a crash j\u00e1t\u00e9k?<\/h1>\n\n\n\n<p>Eleged van abb\u00f3l, hogy a puszta szerencse d\u00f6nts\u00f6n a sorsodr\u00f3l a klasszikus nyer\u0151g\u00e9peken, ahol nincs val\u00f3di interakci\u00f3 vagy d\u00f6nt\u00e9si jogk\u00f6r? Az Uncrossable Rush \u00e9rt\u00e9kel\u00e9s\u00e9ben megn\u00e9zz\u00fck ezt az egyed\u00fcl\u00e1ll\u00f3 Evoplay c\u00edmet, amely visszaadja az ir\u00e1ny\u00edt\u00e1st a <strong>\u00fatkeresztez\u00e9si mechanizmus, amely egyszerre gy\u00f6trelmes \u00e9s j\u00f6vedelmez\u0151<\/strong>. Most megtudhatja, hogyan haszn\u00e1lhatja ki a nagylelk\u0171 97% RTP-t, hogy megpr\u00f3b\u00e1lja megnyerni a maxim\u00e1lis nyerem\u00e9nyt, a t\u00e9t 10 000-szeres\u00e9t, a kock\u00e1zatkezel\u00e9si strat\u00e9gi\u00e1inknak k\u00f6sz\u00f6nhet\u0151en.<\/p>\n\n\n\n<ol class=\"wp-block-list\">\n<li><a href=\"#gnomi-uncrossable-rush-crash-game\">V\u00e9lem\u00e9ny\u00fcnk az Uncrossable Rush-r\u0151l: egy nagy potenci\u00e1llal b\u00edr\u00f3 crash j\u00e1t\u00e9k<\/a><\/li>\n\n\n\n<li><a href=\"#epipeda-dyskolias-pollaplasiastes\">4 neh\u00e9zs\u00e9gi szint a szorz\u00f3k be\u00e1ll\u00edt\u00e1s\u00e1hoz<\/a><\/li>\n\n\n\n<li><a href=\"#axiopistia-logismikou-demo\">A szoftver megb\u00edzhat\u00f3s\u00e1ga \u00e9s ingyenes hozz\u00e1f\u00e9r\u00e9s a dem\u00f3 verzi\u00f3hoz<\/a><\/li>\n\n\n\n<li><a href=\"#stratigikes-kerdoforias-evoplay\">3 strat\u00e9gia a gy\u0151zelemhez ebben az Evoplay c\u00edmben<\/a><\/li>\n<\/ol>\n\n\n\n<h2 class=\"wp-block-heading\" id=\"gnomi-uncrossable-rush-crash-game\">V\u00e9lem\u00e9ny\u00fcnk az Uncrossable Rush-r\u0151l: egy nagy potenci\u00e1llal b\u00edr\u00f3 crash j\u00e1t\u00e9k<\/h2>\n\n\n\n<p>Ez a c\u00edm <strong>er\u0151szakosan felforgatja a szok\u00e1sos szab\u00e1lyokat<\/strong> kaszin\u00f3, ez\u00e9rt felejts el mindent, amit a hagyom\u00e1nyos nyer\u0151g\u00e9pekr\u0151l tudt\u00e1l.<\/p>\n\n\n\n<h3 class=\"wp-block-heading\">Egy Evoplay \u00f6tlet a nyer\u0151g\u00e9pekt\u0151l t\u00e1vol<\/h3>\n\n\n\n<p>Ez a j\u00e1t\u00e9k semmiben sem hasonl\u00edt a klasszikus nyer\u0151g\u00e9pekhez, amelyeket ismer. Itt nincsenek kerekek, hanem egy mer\u00e9sz csirke, amely \u00e1tkel egy forgalommal teli \u00faton. <strong>A j\u00e1t\u00e9kos sz\u00e1m\u00e1ra teljes a k\u00f6rnyezetv\u00e1ltoz\u00e1s<\/strong>.<\/p>\n\n\n\n<p>Az Evoplay az egyed\u00fcl\u00e1ll\u00f3 \u00e9lm\u00e9ny m\u00f6g\u00f6tt \u00e1ll\u00f3 zseni\u00e1lis \u00f6tletgazd\u00e1nak bizonyul. A fejleszt\u0151 mindent a k\u00e9zi j\u00e1t\u00e9kos-interakci\u00f3ra tesz fel, szemben a passz\u00edv j\u00e1t\u00e9kokkal. Ez egy <strong>modern \u00e9s rendk\u00edv\u00fcl dinamikus crash j\u00e1t\u00e9k<\/strong> ami felh\u00edvja mag\u00e1ra a figyelmet.<\/p>\n\n\n\n<p>Tartsa meg a teljes kontrollt minden egyes l\u00e9p\u00e9s felett. L\u00e9p\u00e9sr\u0151l l\u00e9p\u00e9sre haladjon, \u00e9s minden kock\u00e1zatot sz\u00e1moljon ki. Ez a mechanizmus <strong>radik\u00e1lis ellent\u00e9tben \u00e1ll a szok\u00e1sos automatikus forgat\u00e1sokkal.<\/strong> a piacon m\u00e1shol is megtal\u00e1lhat\u00f3.<\/p>\n\n\n\n<p>A j\u00e1t\u00e9kmenet tov\u00e1bbra is hihetetlen\u00fcl intuit\u00edv. Gyorsan meg\u00e9rti, hogyan kell kiker\u00fclni az aut\u00f3kat, hogy elker\u00fclje az aut\u00f3kat, hogy <strong>win<\/strong>.<\/p>\n\n\n\n<h3 class=\"wp-block-heading\">Az elemz\u00e9s a <strong>RTP<\/strong> 97% \u00e9s nagyfok\u00fa ill\u00e9konys\u00e1g<\/h3>\n\n\n\n<p>Hasonl\u00edtsa \u00f6ssze ezt az er\u0151s, 97%-es RTP-t olyan n\u00e9pszer\u0171 klasszikus j\u00e1t\u00e9kokkal, mint a Starburst. Ez az ar\u00e1ny bizony\u00edtott <strong>sokkal nagyvonal\u00fabb az ig\u00e9nyes j\u00e1t\u00e9kosok sz\u00e1m\u00e1ra<\/strong>. Ez egy meggy\u0151z\u0151 \u00e9rv az \u00d6n strat\u00e9gi\u00e1ja mellett.<\/p>\n\n\n\n<p>Besz\u00e9lj\u00fcnk ny\u00edltan a c\u00edm nagy volatilit\u00e1s\u00e1r\u00f3l. A nyeres\u00e9g hatalmas lehet, de ac\u00e9los t\u00fcrelmet ig\u00e9nyel. El kell fogadnod, hogy <strong>vesz\u00edts el n\u00e9h\u00e1ny fogad\u00e1st, miel\u0151tt meg\u00fct\u00f6d a nagyot<\/strong> amire olyan r\u00e9g\u00f3ta v\u00e1rsz.<\/p>\n\n\n\n<ul class=\"wp-block-list\">\n<li>RTP: 97%<\/li>\n\n\n\n<li><strong>Volatilit\u00e1s<\/strong>: Magas<\/li>\n\n\n\n<li><strong>Sajt\u00f3<\/strong>: Crash j\u00e1t\u00e9k<\/li>\n\n\n\n<li><strong>Szolg\u00e1ltat\u00f3<\/strong>: Evoplay<\/li>\n<\/ul>\n\n\n\n<p>Ez a m\u0171szaki kombin\u00e1ci\u00f3 <strong>egy\u00e9rtelm\u0171en a nagy multiplik\u00e1toroknak kedvez<\/strong>. Az adrenalin szerelmesei el lesznek ragadtatva.<\/p>\n\n\n\n<h2 class=\"wp-block-heading\" id=\"epipeda-dyskolias-pollaplasiastes\">4 neh\u00e9zs\u00e9gi szint a szorz\u00f3k be\u00e1ll\u00edt\u00e1s\u00e1hoz<\/h2>\n\n\n\n<p>L\u00e1ssuk, hogyan <strong>a j\u00e1t\u00e9k konkr\u00e9tan zajlik<\/strong> az aszfalton.<\/p>\n\n\n\n<h3 class=\"wp-block-heading\">A j\u00e1t\u00e9k mechanizmusai \u00e9s a csirke el\u0151rehalad\u00e1sa az \u00faton<\/h3>\n\n\n\n<p>Az Eggwina minden sikeres l\u00e9p\u00e9se <strong>azonnal n\u00f6veli a szorz\u00f3dat<\/strong>. Ezen a 24 s\u00e1vos aut\u00f3p\u00e1ly\u00e1n \u00fagy kell haladnod, hogy ne kapj el\u00fct\u00e9st. Min\u00e9l tov\u00e1bb m\u00e9sz, ann\u00e1l intenz\u00edvebb lesz a helyzet.<\/p>\n\n\n\n<p>A Rush s\u00e1v a halad\u00e1s sor\u00e1n megtelik. Lehet\u0151v\u00e9 teszi, hogy <strong>potenci\u00e1lis b\u00f3nuszok felszabad\u00edt\u00e1sa<\/strong> az \u00fcl\u00e9s alatt. Ez egy olyan r\u00e9szlet, amely \u00e9rdekesebb\u00e9 teszi az utaz\u00e1st.<\/p>\n\n\n\n<p>Te magad d\u00f6nt\u00f6d el, hogy mikor hagyd abba. K\u00e9szp\u00e9nzfelv\u00e9tel b\u00e1rmikor lehets\u00e9ges a baleset el\u0151tt. Ez a kulcsa a <strong>ne z\u00fazz\u00e1k \u00f6ssze magukat<\/strong>.<\/p>\n\n\n\n<p>A ritmus intenz\u00edv. Minden egyes kattint\u00e1s egy <strong>strat\u00e9giai d\u00f6nt\u00e9s a p\u00e9nzt\u00e1rc\u00e1ja sz\u00e1m\u00e1ra<\/strong>.<\/p>\n\n\n\n<h3 class=\"wp-block-heading\">Az Eucolo \u00e9s a Hardcore bev\u00e9teleinek \u00f6sszehasonl\u00edt\u00e1sa<\/h3>\n\n\n\n<p>Ez a t\u00e1bl\u00e1zat a neh\u00e9zs\u00e9gi szint hat\u00e1s\u00e1t mutatja az es\u00e9lyeidre. Hardcore m\u00f3dban <strong>robban\u00e1sszer\u0171 nyeres\u00e9g az egyszer\u0171 s\u00e9t\u00e1hoz k\u00e9pest<\/strong> Egyszer\u0171 m\u0171k\u00f6d\u00e9s.<\/p>\n\n\n\n<figure class=\"wp-block-table\"><table class=\"has-fixed-layout\"><thead><tr><th>Szint<\/th><th>Kock\u00e1zat<\/th><th>Maxim\u00e1lis szorz\u00f3<\/th><th>J\u00e1t\u00e9kos profil<\/th><\/tr><\/thead><tbody><tr><td>Easy<\/td><td>Alacsony<\/td><td>K\u00f6zepes<\/td><td>K\u00f6r\u00fcltekint\u0151<\/td><\/tr><tr><td>K\u00f6z\u00e9ps\u0151<\/td><td>Kiegyens\u00falyozott<\/td><td>Magas<\/td><td>Rendszeres<\/td><\/tr><tr><td>Neh\u00e9z<\/td><td>Magas<\/td><td>Nagyon fontos<\/td><td>Strat\u00e9giai<\/td><\/tr><tr><td>Hardcore<\/td><td>Extreme<\/td><td>Robban\u00e1svesz\u00e9lyes<\/td><td>Kock\u00e1zatok<\/td><\/tr><\/tbody><\/table><\/figure>\n\n\n\n<p>A <strong>a maxim\u00e1lis nyerem\u00e9ny el\u00e9rheti az eredeti t\u00e9t 10.000-szeres\u00e9t is<\/strong>. Ez egy leny\u0171g\u00f6z\u0151 sz\u00e1m az ilyen t\u00edpus\u00fa j\u00e1t\u00e9kban, ami igazolja a kock\u00e1zatot.<\/p>\n\n\n\n<p><strong>A kock\u00e1zati k\u00fcl\u00f6nbs\u00e9gek brut\u00e1lisak<\/strong>. A k\u00f6nny\u0171 m\u0171k\u00f6d\u00e9s, az aut\u00f3k ritk\u00e1k. Hardcore m\u00f3dban az \u00fat egy igazi pokol.<\/p>\n\n\n\n<p>V\u00e1lasszon a k\u00f6lts\u00e9gvet\u00e9s\u00e9nek megfelel\u0151en. <strong>Az \u00f3vatoss\u00e1g hossz\u00fa t\u00e1von gyakran kifizet\u0151dik<\/strong>.<\/p>\n\n\n\n<h2 class=\"wp-block-heading\" id=\"axiopistia-logismikou-demo\">A szoftver megb\u00edzhat\u00f3s\u00e1ga \u00e9s ingyenes hozz\u00e1f\u00e9r\u00e9s a dem\u00f3 verzi\u00f3hoz<\/h2>\n\n\n\n<p>A j\u00e1t\u00e9k \u00e9lvezet\u00e9n t\u00fal, <strong>a biztons\u00e1g k\u00e9rd\u00e9se tov\u00e1bbra is els\u0151dleges fontoss\u00e1g\u00fa<\/strong> minden komoly j\u00e1t\u00e9kos sz\u00e1m\u00e1ra.<\/p>\n\n\n\n<h3 class=\"wp-block-heading\">Bizony\u00edtottan tisztess\u00e9ges technol\u00f3gia \u00e9s lott\u00f3 biztons\u00e1g<\/h3>\n\n\n\n<p>Az Uncrossable Rush a be\u00e9p\u00edtett Provably Fair technol\u00f3gi\u00e1nak k\u00f6sz\u00f6nhet\u0151en bizony\u00edtja tisztess\u00e9gess\u00e9g\u00e9t. Ez a rendszer a blokkl\u00e1ncot haszn\u00e1lja arra, hogy <strong>garant\u00e1lja a teljes \u00e1tl\u00e1that\u00f3s\u00e1got<\/strong> az egyes t\u00e9telek. Itt nem lehet tr\u00fckk\u00f6zni.<\/p>\n\n\n\n<p>Ne f\u00e9lj a csal\u00e1st\u00f3l ebben a c\u00edmben. A szolg\u00e1ltat\u00f3t f\u00fcggetlen szervezetek rendszeresen ellen\u0151rzik az RNG hiteles\u00edt\u00e9s\u00e9re. <strong>A p\u00e9nzed \u00e9s a nyer\u00e9si es\u00e9lyeid v\u00e9dve vannak<\/strong> szigor\u00fa protokollok szerint.<\/p>\n\n\n\n<p>Tudnia kell, hogy minden sorsol\u00e1st a j\u00e1t\u00e9kos a hash-okon kereszt\u00fcl ellen\u0151rizhet. Ez az Evoplay j\u00f3hiszem\u0171s\u00e9g\u00e9nek bizony\u00edt\u00e9ka. <strong>A bizalom teh\u00e1t abszol\u00fat<\/strong>.<\/p>\n\n\n\n<p>J\u00e1tsszon a fej\u00e9vel csendben. \u0397 <strong>szerencse itt tiszta \u00e9s hiteles\u00edtett<\/strong> a k\u00f3db\u00f3l.<\/p>\n\n\n\n<h3 class=\"wp-block-heading\">J\u00e1tssz regisztr\u00e1ci\u00f3 n\u00e9lk\u00fcl mobilon \u00e9s PC-n<\/h3>\n\n\n\n<p><strong>Haszn\u00e1lja ki az ingyenes dem\u00f3verzi\u00f3 el\u0151nyeit<\/strong>. Lehet\u0151v\u00e9 teszi, hogy kipr\u00f3b\u00e1ld a k\u00fcl\u00f6nb\u00f6z\u0151 neh\u00e9zs\u00e9gi szinteket an\u00e9lk\u00fcl, hogy egyetlen centet is kock\u00e1ztatn\u00e1l. T\u00f6k\u00e9letes gyakorl\u00e1sra az igazi j\u00e1t\u00e9k el\u0151tt.<\/p>\n\n\n\n<p><strong>A j\u00e1t\u00e9k mobil optimaliz\u00e1l\u00e1sa figyelemre m\u00e9lt\u00f3<\/strong>. A fel\u00fclet t\u00f6k\u00e9letesen alkalmazkodik az okostelefonok kis k\u00e9perny\u0151j\u00e9hez min\u0151s\u00e9groml\u00e1s n\u00e9lk\u00fcl. A csirk\u00e9det a k\u00f6zleked\u00e9sben vagy m\u00e1shol is \u00e1tvezetheted az \u00fattesten. Nagyon k\u00f6nnyen haszn\u00e1lhat\u00f3.<\/p>\n\n\n\n<p><strong>A j\u00e1t\u00e9khoz val\u00f3 hozz\u00e1f\u00e9r\u00e9s azonnali<\/strong>. Nem kell fi\u00f3kot l\u00e9trehoznia egy gyors tesztel\u00e9shez. Az eg\u00e9szet egyetlen kattint\u00e1ssal elv\u00e9gezheti a b\u00f6ng\u00e9sz\u0151j\u00e9b\u0151l.<\/p>\n\n\n\n<p>A simas\u00e1g garant\u00e1lt mind PC-n, mind t\u00e1blag\u00e9pen. <strong>Az \u00e9lm\u00e9ny azonos marad<\/strong>.<\/p>\n\n\n\n<h2 class=\"wp-block-heading\" id=\"stratigikes-kerdoforias-evoplay\">3 strat\u00e9gia a gy\u0151zelemhez ebben az Evoplay c\u00edmben<\/h2>\n\n\n\n<p>Az Uncrossable Rush \u00e9rt\u00e9kel\u00e9s\u00e9nek ide\u00e1lis befejez\u00e9s\u00e9hez n\u00e9zz\u00fck meg, hogyan lehet <strong>az \u00fcl\u00e9seket k\u00e9zzelfoghat\u00f3 \u00e9s \u00e1t\u00fct\u0151 nyeres\u00e9gg\u00e9 alak\u00edtja \u00e1t<\/strong>.<\/p>\n\n\n\n<h3 class=\"wp-block-heading\">Fogad\u00e1skezel\u00e9s \u00e9s a k\u00e9szp\u00e9nzfelv\u00e9tel ide\u00e1lis id\u0151pontja<\/h3>\n\n\n\n<p>\u00c1ll\u00edtson be egy nagyon vil\u00e1gos nyeres\u00e9gc\u00e9lt, miel\u0151tt elkezd j\u00e1tszani. Ne legyen t\u00fals\u00e1gosan moh\u00f3 a nagy forgalomban. <strong>A gy\u0151ztesek els\u0151 szab\u00e1lya, hogy tudj\u00e1k, mikor kell abbahagyni.<\/strong>.<\/p>\n\n\n\n<p>Haszn\u00e1ljon rendszeres k\u00e9szp\u00e9nzfelv\u00e9teli m\u00f3dszereket a p\u00e9nzeszk\u00f6z\u00f6k biztos\u00edt\u00e1s\u00e1ra. A legjobb, ha <strong>gyakran kap kis szorz\u00f3kat<\/strong> ahelyett, hogy mindent elvesz\u00edten\u00e9nk a Holdra t\u00f6rve. A k\u00f6vetkezetess\u00e9g hossz\u00fa t\u00e1von mindig kifizet\u0151d\u0151.<\/p>\n\n\n\n<ol class=\"wp-block-list\">\n<li><strong>\u00c1ll\u00edtson be napi vesztes\u00e9ghat\u00e1rt<\/strong>.<\/li>\n\n\n\n<li><strong>V\u00e1ltsa be nyerem\u00e9ny\u00e9t<\/strong> 2x vagy 3x.<\/li>\n\n\n\n<li><strong>V\u00e1ltoztassa meg a t\u00e9teket<\/strong> az intu\u00edci\u00f3t\u00f3l f\u00fcgg\u0151en.<\/li>\n<\/ol>\n\n\n\n<p>Kezelje a banksz\u00e1ml\u00e1j\u00e1t abszol\u00fat szigor\u00faan. Ez <strong>az egyetlen m\u00f3dja az elvisel\u00e9snek<\/strong> az Uncrossable Rush-ben.<\/p>\n\n\n\n<h3 class=\"wp-block-heading\">Az Uncrossable Rush X-mas szezon\u00e1lis v\u00e1ltozat saj\u00e1toss\u00e1gai<\/h3>\n\n\n\n<p>Most n\u00e9zz\u00fck meg az Uncrossable Rush X-mas v\u00e1ltozat\u00e1t. A jelenet v\u00e1ltozik egy <strong>t\u00e9li \u00e9s \u00fcnnepi hangulat nagyon sikeres<\/strong>. A csirke m\u00e9g egy kis piros sapk\u00e1t is visel.<\/p>\n\n\n\n<p>Biztos\u00edthatom \u00d6n\u00f6ket, hogy a statisztik\u00e1k v\u00e1ltozatlanok. A 97% RTP-je \u00e9s a szorz\u00f3k egy\u00e1ltal\u00e1n nem v\u00e1ltoznak. Ez csak egy <strong>vizu\u00e1lis v\u00e1ltoz\u00e1s a kar\u00e1csonyi \u00fcnneps\u00e9gekre<\/strong>.<\/p>\n\n\n\n<p>A j\u00e1t\u00e9k \u00e9lvezete itt teljesen megmarad. Ez a szezon\u00e1lis v\u00e1ltozat csak n\u00e9mi \u00fcdv\u00f6zlend\u0151 grafikai frissess\u00e9get hoz. A <strong>a j\u00e1t\u00e9kmechanika szigor\u00faan azonos<\/strong>.<\/p>\n\n\n\n<p>Ez egy sz\u00e9p alternat\u00edva a t\u00e9li m\u0171sorv\u00e1lt\u00e1shoz. <strong>A nyerem\u00e9nyek ugyanolyan val\u00f3sak \u00e9s vonz\u00f3ak<\/strong>.<\/p>\n\n\n\n<p>A 97% RTP-vel \u00e9s a magas volatilit\u00e1ssal ez a c\u00edm a k\u00f6vetkez\u0151eket \u00edg\u00e9ri <strong>a t\u00e9t ak\u00e1r 10.000-szeres\u00e9nek megfelel\u0151 nyerem\u00e9nyek<\/strong>. Ha meg akarod er\u0151s\u00edteni a saj\u00e1t v\u00e9lem\u00e9nyedet az Uncrossable Rush-r\u0151l, pr\u00f3b\u00e1ld ki az ingyenes verzi\u00f3t, miel\u0151tt a jackpotra p\u00e1ly\u00e1zol. Kezdj el j\u00e1tszani most, hogy minden mer\u00e9sz \u00e1tl\u00e9p\u00e9st \u00e1t\u00fct\u0151 gy\u0151zelemm\u00e9 v\u00e1ltoztass.<\/p>\n<\/div>","protected":false},"excerpt":{"rendered":"<p>Uncrossable Rush : \u0397 \u03c3\u03c4\u03c1\u03b1\u03c4\u03b7\u03b3\u03b9\u03ba\u03ae \u03b3\u03b9\u03b1 \u03bd\u03b1 \u03ba\u03b5\u03c1\u03b4\u03af\u03c3\u03b5\u03c4\u03b5 \u03c7\u03c1\u03ae\u03bc\u03b1\u03c4\u03b1 \u03c3\u03c4\u03bf \u03c0\u03b1\u03b9\u03c7\u03bd\u03af\u03b4\u03b9 \u03bc\u03b5 \u03c4\u03bf\u03bd \u03ba\u03cc\u03ba\u03bf\u03c1\u03b1 \u03c0\u03bf\u03c5 \u03b4\u03b9\u03b1\u03c3\u03c7\u03af\u03b6\u03b5\u03b9 \u03c4\u03bf\u03bd \u03b1\u03c5\u03c4\u03bf\u03ba\u03b9\u03bd\u03b7\u03c4\u03cc\u03b4\u03c1\u03bf\u03bc\u03bf \u039e\u03b5\u03ba\u03b9\u03bd\u03ae\u03c3\u03c4\u03b5 \u03bd\u03b1 \u03c0\u03b1\u03af\u03b6\u03b5\u03c4\u03b5 \u03c4\u03bf \u03c0\u03b1\u03b9\u03c7\u03bd\u03af\u03b4\u03b9 \u03bc\u03b5 \u03c4\u03bf\u03bd \u03ba\u03cc\u03ba\u03bf\u03c1\u03b1 \u03c0\u03bf\u03c5 \u03c0\u03c1\u03ad\u03c0\u03b5\u03b9 \u03bd\u03b1 \u03b4\u03b9\u03b1\u03c3\u03c7\u03af\u03c3\u03b5\u03b9 \u03c4\u03bf\u03bd \u03b1\u03c5\u03c4\u03bf\u03ba\u03b9\u03bd\u03b7\u03c4\u03cc\u03b4\u03c1\u03bf\u03bc\u03bf. \u0395\u03c0\u03c9\u03c6\u03b5\u03bb\u03b7\u03b8\u03b5\u03af\u03c4\u03b5 \u03b1\u03c0\u03cc \u03ad\u03bd\u03b1 \u03b5\u03be\u03b1\u03b9\u03c1\u03b5\u03c4\u03b9\u03ba\u03cc \u03bc\u03c0\u03cc\u03bd\u03bf\u03c5\u03c2 5.000\u20ac \u03b3\u03b9\u03b1 \u03bd\u03b1 \u03b4\u03bf\u03ba\u03b9\u03bc\u03ac\u03c3\u03b5\u03c4\u03b5 \u03c4\u03bf \u03c0\u03b1\u03b9\u03c7\u03bd\u03af\u03b4\u03b9! \u03a0\u0391\u0399\u039e\u03a4\u0395 \u03a3\u0395 \u039b\u0395\u0399\u03a4\u039f\u03a5\u03a1\u0393\u0399\u0391 DEMO \u03a0\u0391\u0399\u039e\u03a4\u0395 \u039c\u0395 \u03a0\u03a1\u0391\u0393\u039c\u0391\u03a4\u0399\u039a\u0391 \u03a7\u03a1\u0397\u039c\u0391\u03a4\u0391 \u0391\u03be\u03b9\u03bf\u03bb\u03cc\u03b3\u03b7\u03c3\u03b7 Uncrossable Rush: \u0395\u03af\u03bd\u03b1\u03b9 &#8230; <a title=\"home1\" class=\"read-more\" href=\"https:\/\/uncrossablerush.gr.com\/hu\/\" aria-label=\"Read more about home1\">Olvass tov\u00e1bb<\/a><\/p>","protected":false},"author":1,"featured_media":0,"parent":0,"menu_order":0,"comment_status":"closed","ping_status":"closed","template":"","meta":{"footnotes":""},"class_list":["post-58","page","type-page","status-publish"],"_links":{"self":[{"href":"https:\/\/uncrossablerush.gr.com\/hu\/wp-json\/wp\/v2\/pages\/58","targetHints":{"allow":["GET"]}}],"collection":[{"href":"https:\/\/uncrossablerush.gr.com\/hu\/wp-json\/wp\/v2\/pages"}],"about":[{"href":"https:\/\/uncrossablerush.gr.com\/hu\/wp-json\/wp\/v2\/types\/page"}],"author":[{"embeddable":true,"href":"https:\/\/uncrossablerush.gr.com\/hu\/wp-json\/wp\/v2\/users\/1"}],"replies":[{"embeddable":true,"href":"https:\/\/uncrossablerush.gr.com\/hu\/wp-json\/wp\/v2\/comments?post=58"}],"version-history":[{"count":58,"href":"https:\/\/uncrossablerush.gr.com\/hu\/wp-json\/wp\/v2\/pages\/58\/revisions"}],"predecessor-version":[{"id":269,"href":"https:\/\/uncrossablerush.gr.com\/hu\/wp-json\/wp\/v2\/pages\/58\/revisions\/269"}],"wp:attachment":[{"href":"https:\/\/uncrossablerush.gr.com\/hu\/wp-json\/wp\/v2\/media?parent=58"}],"curies":[{"name":"wp","href":"https:\/\/api.w.org\/{rel}","templated":true}]}}