{"id":58,"date":"2025-10-28T04:39:00","date_gmt":"2025-10-28T04:39:00","guid":{"rendered":"https:\/\/uncrossablerush.gr.com\/?page_id=58"},"modified":"2026-02-06T10:03:50","modified_gmt":"2026-02-06T10:03:50","slug":"home1","status":"publish","type":"page","link":"https:\/\/uncrossablerush.gr.com\/lv\/","title":{"rendered":"home1"},"content":{"rendered":"<section class=\"gb-element-c0819d6c banner\">\n<div class=\"gb-element-0659d418\">\n<div class=\"wp-block-columns is-layout-flex wp-container-core-columns-is-layout-9d6595d7 wp-block-columns-is-layout-flex\">\n<div class=\"wp-block-column is-layout-flow wp-block-column-is-layout-flow\">\n<h2 class=\"gb-text gb-text-155ce4c1\">Uncrossable Rush : Strat\u0113\u0123ija, k\u0101 vinn\u0113t naudu sp\u0113l\u0113 ar gailis \u0161\u0137\u0113rso automa\u0123istr\u0101li<\/h2>\n\n\n\n<p class=\"has-text-align-center has-base-3-color has-text-color has-link-color wp-elements-5c45ec9dd0a1512c089f0d5fdfdfd2df\"><strong>S\u0101ciet sp\u0113l\u0113t sp\u0113li ar gaili, kuram j\u0101\u0161\u0137\u0113rso \u0161osejas. Izmantojiet lielisku 5000 eiro bonusu, lai izm\u0113\u0123in\u0101tu sp\u0113li!<\/strong><\/p>\n\n\n\n<div class=\"wp-block-columns is-layout-flex wp-container-core-columns-is-layout-9d6595d7 wp-block-columns-is-layout-flex\">\n<div class=\"wp-block-column is-layout-flow wp-block-column-is-layout-flow\" style=\"flex-basis:20px\"><\/div>\n\n\n\n<div class=\"wp-block-column is-layout-flow wp-block-column-is-layout-flow\">\n<a class=\"gb-text gb-text-50c1af7c\" href=\"\/play\/\">SP\u0112L\u0112T DEMO RE\u017d\u012aM\u0100<\/a>\n<\/div>\n\n\n\n<div class=\"wp-block-column is-layout-flow wp-block-column-is-layout-flow\">\n<a class=\"gb-text gb-text-6d7e1e7e\" href=\"\/play\/\">SP\u0112L\u0112T AR RE\u0100LU NAUDU<\/a>\n<\/div>\n\n\n\n<div class=\"wp-block-column is-layout-flow wp-block-column-is-layout-flow\" style=\"flex-basis:20px\"><\/div>\n<\/div>\n<\/div>\n<\/div>\n<\/div>\n<\/section>\n\n\n\n<div class=\"gb-element-5775e498\">\n<h1 class=\"wp-block-heading\">Uncrossable Rush p\u0101rskats: vai \u0161\u012b av\u0101rijas sp\u0113le ir uzticama?<\/h1>\n\n\n\n<p>Vai esat noguris no t\u0101, ka klasiskajos sp\u0113\u013cu autom\u0101tos bez re\u0101las mijiedarb\u012bbas vai l\u0113muma pie\u0146em\u0161anas ties\u012bb\u0101m j\u016bsu likteni iz\u0161\u0137ir tikai veiksme? M\u016bsu p\u0101rskats par Uncrossable Rush apl\u016bko \u0161o unik\u0101lo Evoplay sp\u0113li, kas atgrie\u017e jums kontroli, izmantojot... <strong>ce\u013cu \u0161\u0137\u0113rso\u0161anas meh\u0101nisms, kas ir gan moko\u0161s, gan ienes\u012bgs.<\/strong>. Uzziniet, k\u0101 izmantot d\u0101sno RTP 97%, lai, pateicoties m\u016bsu riska p\u0101rvald\u012bbas strat\u0113\u0123ij\u0101m, m\u0113\u0123in\u0101tu vinn\u0113t maksim\u0101lo balvu, kas 10 000 rei\u017eu p\u0101rsniedz j\u016bsu likmi.<\/p>\n\n\n\n<ol class=\"wp-block-list\">\n<li><a href=\"#gnomi-uncrossable-rush-crash-game\">M\u016bsu viedoklis par Uncrossable Rush: av\u0101rijas sp\u0113le ar augstu potenci\u0101lu<\/a><\/li>\n\n\n\n<li><a href=\"#epipeda-dyskolias-pollaplasiastes\">4 gr\u016bt\u012bbas pak\u0101pes, lai piel\u0101gotu reizin\u0101t\u0101jus<\/a><\/li>\n\n\n\n<li><a href=\"#axiopistia-logismikou-demo\">Programmat\u016bras uzticam\u012bba un bezmaksas piek\u013cuve demo versijai<\/a><\/li>\n\n\n\n<li><a href=\"#stratigikes-kerdoforias-evoplay\">3 strat\u0113\u0123ijas, lai uzvar\u0113tu \u0161aj\u0101 Evoplay sada\u013c\u0101<\/a><\/li>\n<\/ol>\n\n\n\n<h2 class=\"wp-block-heading\" id=\"gnomi-uncrossable-rush-crash-game\">M\u016bsu viedoklis par Uncrossable Rush: av\u0101rijas sp\u0113le ar augstu potenci\u0101lu<\/h2>\n\n\n\n<p>\u0160is nosaukums <strong>vardarb\u012bgi apg\u0101\u017e ierastos noteikumus.<\/strong> kazino, t\u0101p\u0113c aizmirstiet visu, ko dom\u0101j\u0101t, ka zin\u0101j\u0101t par tradicion\u0101lajiem sp\u0113\u013cu autom\u0101tiem.<\/p>\n\n\n\n<h3 class=\"wp-block-heading\">Evoplay ideja prom no sp\u0113\u013cu autom\u0101tiem<\/h3>\n\n\n\n<p>\u0160\u012b sp\u0113le nav l\u012bdz\u012bga klasiskajiem sp\u0113\u013cu autom\u0101tiem, kurus j\u016bs paz\u012bstat. \u0160eit nav rite\u0146u, bet gan drosm\u012bga vista, kas \u0161\u0137\u0113rso satiksmei pilnu ce\u013cu. <strong>Apk\u0101rtnes mai\u0146a sp\u0113l\u0113t\u0101jam ir piln\u012bga.<\/strong>.<\/p>\n\n\n\n<p>Evoplay ir k\u013cuvusi par lielisku \u0161\u012bs unik\u0101l\u0101s pieredzes autoru. Izstr\u0101d\u0101t\u0101js visu liek uz manu\u0101lu sp\u0113l\u0113t\u0101ju mijiedarb\u012bbu pretstat\u0101 pas\u012bv\u0101m sp\u0113l\u0113m. T\u0101 ir <strong>m\u016bsdien\u012bga un \u013coti dinamiska av\u0101rijas sp\u0113le<\/strong> kas piesaista uzman\u012bbu.<\/p>\n\n\n\n<p>Piln\u012bb\u0101 kontrol\u0113jiet katru savu soli. Ejiet soli pa solim, apr\u0113\u0137inot katru uz\u0146emto risku. \u0160is meh\u0101nisms <strong>ir kras\u0101 pretstat\u0101 parastaj\u0101m autom\u0101tiskaj\u0101m rot\u0101cij\u0101m.<\/strong> atrodami citur tirg\u016b.<\/p>\n\n\n\n<p>Sp\u0113le joproj\u0101m ir neticami intuit\u012bva. J\u016bs \u0101tri saprat\u012bsiet, k\u0101 izvair\u012bties no automa\u0161\u012bn\u0101m, lai izvair\u012btos no automa\u0161\u012bn\u0101m. <strong>uzvar\u0113t<\/strong>.<\/p>\n\n\n\n<h3 class=\"wp-block-heading\">Anal\u012bze <strong>RTP<\/strong> 97% un augsta nepast\u0101v\u012bba<\/h3>\n\n\n\n<p>Sal\u012bdziniet \u0161o sp\u0113c\u012bgo RTP 97% ar t\u0101d\u0101m popul\u0101r\u0101m klasisk\u0101m sp\u0113l\u0113m k\u0101 Starburst. \u0160is r\u0101d\u012bt\u0101js ir pier\u0101d\u012bts <strong>daudz d\u0101sn\u0101ka pras\u012bgajiem sp\u0113l\u0113t\u0101jiem.<\/strong>. Tas ir p\u0101rliecino\u0161s arguments j\u016bsu strat\u0113\u0123ijai.<\/p>\n\n\n\n<p>Atkl\u0101ti run\u0101sim par \u0161\u012bs sada\u013cas lielo nepast\u0101v\u012bbu. Pe\u013c\u0146a var b\u016bt milz\u012bga, ta\u010du t\u0101 prasa stingru paciet\u012bbu. Jums ir j\u0101pie\u0146em, ka j\u016bs <strong>zaud\u0113t da\u017eas likmes, pirms tr\u0101p\u012bt lielo likmi.<\/strong> tu tik ilgi gaid\u012bji.<\/p>\n\n\n\n<ul class=\"wp-block-list\">\n<li>RTP: 97%<\/li>\n\n\n\n<li><strong>Nepast\u0101v\u012bba<\/strong>: Augsts<\/li>\n\n\n\n<li><strong>Spiediet<\/strong>: Crash sp\u0113le<\/li>\n\n\n\n<li><strong>Nodro\u0161in\u0101t\u0101js<\/strong>: Evoplay<\/li>\n<\/ul>\n\n\n\n<p>\u0160\u012b tehnisk\u0101 kombin\u0101cija <strong>nep\u0101rprotami dod priek\u0161roku lieliem reizin\u0101t\u0101jiem<\/strong>. Adrenal\u012bna cien\u012bt\u0101ji b\u016bs saj\u016bsm\u0101.<\/p>\n\n\n\n<h2 class=\"wp-block-heading\" id=\"epipeda-dyskolias-pollaplasiastes\">4 gr\u016bt\u012bbas pak\u0101pes, lai piel\u0101gotu reizin\u0101t\u0101jus<\/h2>\n\n\n\n<p>Apskat\u012bsim, k\u0101 <strong>sp\u0113le ir \u012bpa\u0161i notiek<\/strong> uz asfalta.<\/p>\n\n\n\n<h3 class=\"wp-block-heading\">Sp\u0113les meh\u0101nismi un vistas progress uz ce\u013ca<\/h3>\n\n\n\n<p>Katrs veiksm\u012bgs Eggwina solis <strong>uzreiz palielina reizin\u0101t\u0101ju.<\/strong>. Jums j\u0101turpina braukt pa \u0161o 24 joslu \u0161oseju, nesasitot. Jo t\u0101l\u0101k j\u016bs braucat, jo intens\u012bv\u0101ka k\u013c\u016bst satiksme.<\/p>\n\n\n\n<p>Rush josla piepild\u0101s, kad j\u016bs progres\u0113jat. \u013bauj jums <strong>atblo\u0137\u0113t potenci\u0101l\u0101s pr\u0113mijas<\/strong> sesijas laik\u0101. T\u0101 ir deta\u013ca, kas braucienam pie\u0161\u0137ir interesi.<\/p>\n\n\n\n<p>J\u016bs pats izlemjat, kad apst\u0101ties. Izmaks\u0101t naudu jebkur\u0101 laik\u0101 ir iesp\u0113jams pirms negad\u012bjuma. Tas ir galvenais, lai <strong>nav beigties saspiests<\/strong>.<\/p>\n\n\n\n<p>Ritms ir intens\u012bvs. Katrs klik\u0161\u0137is ir <strong>strat\u0113\u0123isks l\u0113mums j\u016bsu makam<\/strong>.<\/p>\n\n\n\n<h3 class=\"wp-block-heading\">Eucolo un Hardcore pe\u013c\u0146as sal\u012bdzin\u0101jums<\/h3>\n\n\n\n<p>\u0160aj\u0101 tabul\u0101 ir par\u0101d\u012bta gr\u016bt\u012bbas l\u012bme\u0146a ietekme uz j\u016bsu izredz\u0113m. Hardcore re\u017e\u012bms pied\u0101v\u0101 <strong>spr\u0101dzienb\u012bstami ieguvumi, sal\u012bdzinot ar vienk\u0101r\u0161u pastaigu<\/strong> Viegla darb\u012bba.<\/p>\n\n\n\n<figure class=\"wp-block-table\"><table class=\"has-fixed-layout\"><thead><tr><th>L\u012bmenis<\/th><th>Risks<\/th><th>Maksim\u0101lais reizin\u0101t\u0101js<\/th><th>Sp\u0113l\u0113t\u0101ja profils<\/th><\/tr><\/thead><tbody><tr><td>Easy<\/td><td>Zema<\/td><td>Vid\u0113ja<\/td><td>P\u0101rdom\u0101ts<\/td><\/tr><tr><td>Middle<\/td><td>L\u012bdzsvarots<\/td><td>Augsts<\/td><td>Regul\u0101ri<\/td><\/tr><tr><td>Gr\u016bt\u012bbas<\/td><td>Augsts<\/td><td>\u013boti svar\u012bgi<\/td><td>Strat\u0113\u0123iskais<\/td><\/tr><tr><td>Hardcore<\/td><td>Ekstr\u0113ms<\/td><td>Spr\u0101dzienb\u012bstams<\/td><td>Riski<\/td><\/tr><\/tbody><\/table><\/figure>\n\n\n\n<p>Port\u0101ls <strong>maksim\u0101lais vinnests var sasniegt 10 000 rei\u017eu no s\u0101kotn\u0113j\u0101s likmes.<\/strong>. \u0160\u0101da veida sp\u0113lei tas ir iespaid\u012bgs skaitlis, kas attaisno risku.<\/p>\n\n\n\n<p><strong>Riska at\u0161\u0137ir\u012bbas ir ne\u017e\u0113l\u012bgas<\/strong>. Viegl\u0101 darb\u012bb\u0101 automa\u0161\u012bnas ir reti sastopamas. Sare\u017e\u0123\u012btaj\u0101 re\u017e\u012bm\u0101 ce\u013c\u0161 ir \u012bsta elle.<\/p>\n\n\n\n<p>Izv\u0113lieties atbilsto\u0161i savam bud\u017eetam. <strong>Piesardz\u012bba bie\u017ei vien atmaks\u0101jas ilgtermi\u0146\u0101<\/strong>.<\/p>\n\n\n\n<h2 class=\"wp-block-heading\" id=\"axiopistia-logismikou-demo\">Programmat\u016bras uzticam\u012bba un bezmaksas piek\u013cuve demo versijai<\/h2>\n\n\n\n<p>Papildus sp\u0113les baud\u012bjumam, <strong>dro\u0161\u012bbas jaut\u0101jums joproj\u0101m ir vissvar\u012bg\u0101kais.<\/strong> jebkuram nopietnam sp\u0113l\u0113t\u0101jam.<\/p>\n\n\n\n<h3 class=\"wp-block-heading\">Iesp\u0113jami god\u012bga tehnolo\u0123ija un loteriju dro\u0161\u012bba<\/h3>\n\n\n\n<p>Uncrossable Rush savu god\u012bgumu pier\u0101da, pateicoties ieb\u016bv\u0113tajai Provably Fair tehnolo\u0123ijai. \u0160\u012b sist\u0113ma izmanto blok\u0137\u0113di, lai <strong>garant\u0113 piln\u012bgu p\u0101rredzam\u012bbu.<\/strong> katras kust\u012bbas. \u0160eit nav iesp\u0113jami nek\u0101di triki.<\/p>\n\n\n\n<p>\u0160aj\u0101 nosaukum\u0101 nav bail no kr\u0101p\u0161anas. Lai apstiprin\u0101tu RNG, pakalpojumu sniedz\u0113js regul\u0101ri veic neatkar\u012bgu organiz\u0101ciju rev\u012bziju. <strong>J\u016bsu nauda un izredzes laim\u0113t ir aizsarg\u0101tas.<\/strong> saska\u0146\u0101 ar stingriem protokoliem.<\/p>\n\n\n\n<p>Jums j\u0101apzin\u0101s, ka katru izlozi sp\u0113l\u0113t\u0101js var p\u0101rbaud\u012bt, izmantojot hashus. Tas ir Evoplay godpr\u0101t\u012bbas apliecin\u0101jums. <strong>T\u0101d\u0113j\u0101di uztic\u0113\u0161an\u0101s ir absol\u016bta<\/strong>.<\/p>\n\n\n\n<p>Sp\u0113l\u0113jiet ar klusu galvu. \u0397 <strong>veiksme \u0161eit ir t\u012bra un sertific\u0113ta<\/strong> no koda.<\/p>\n\n\n\n<h3 class=\"wp-block-heading\">Sp\u0113l\u0113jiet bez re\u0123istr\u0101cijas mobilaj\u0101 ier\u012bc\u0113 un dator\u0101<\/h3>\n\n\n\n<p><strong>Izmantojiet bezmaksas demo versiju<\/strong>. Tas \u013cauj izm\u0113\u0123in\u0101t da\u017e\u0101dus gr\u016bt\u012bbas l\u012bme\u0146us, nerisk\u0113jot ne ar vienu centu. Tas ir lieliski piem\u0113rots praksei pirms \u012bst\u0101s sp\u0113les.<\/p>\n\n\n\n<p><strong>\u0160\u012bs sp\u0113les optimiz\u0101cija mobilaj\u0101m ier\u012bc\u0113m ir iev\u0113rojama.<\/strong>. Interfeiss lieliski piel\u0101gojas viedt\u0101lru\u0146u mazajiem ekr\u0101niem, nezaud\u0113jot kvalit\u0101ti. J\u016bs varat likt vistai \u0161\u0137\u0113rsot ce\u013cu transport\u0101 vai citur. To ir \u013coti viegli lietot.<\/p>\n\n\n\n<p><strong>Piek\u013cuve sp\u0113lei ir t\u016bl\u012bt\u0113ja<\/strong>. Lai s\u0101ktu \u0101tru izm\u0113\u0123in\u0101jumu, jums nav nepiecie\u0161ams izveidot kontu. Tas viss tiek izdar\u012bts ar vienu klik\u0161\u0137i no j\u016bsu p\u0101rl\u016bkprogrammas.<\/p>\n\n\n\n<p>Gan dator\u0101, gan plan\u0161etdator\u0101 tiek garant\u0113ta vienm\u0113r\u012bga darb\u012bba. <strong>Pieredze ir identiska<\/strong>.<\/p>\n\n\n\n<h2 class=\"wp-block-heading\" id=\"stratigikes-kerdoforias-evoplay\">3 strat\u0113\u0123ijas, lai uzvar\u0113tu \u0161aj\u0101 Evoplay sada\u013c\u0101<\/h2>\n\n\n\n<p>Lai ide\u0101li pabeigtu \u0161o Uncrossable Rush nov\u0113rt\u0113\u0161anu, apl\u016bkosim, k\u0101 <strong>p\u0101rv\u0113rst savas sesijas taust\u0101m\u0101 un ska\u013c\u0101 pe\u013c\u0146\u0101.<\/strong>.<\/p>\n\n\n\n<h3 class=\"wp-block-heading\">Likmju p\u0101rvald\u012bba un ide\u0101lais laiks naudas iz\u0146em\u0161anai<\/h3>\n\n\n\n<p>Pirms s\u0101kat sp\u0113l\u0113t, uzst\u0101diet \u013coti skaidru pe\u013c\u0146as m\u0113r\u0137i. Neesiet p\u0101rlieku alkat\u012bgi, ja ir liela pl\u016bsma. <strong>Pirmais uzvar\u0113t\u0101ja noteikums ir zin\u0101t, kad apst\u0101ties.<\/strong>.<\/p>\n\n\n\n<p>Lai nodro\u0161in\u0101tu savus l\u012bdzek\u013cus, izmantojiet regul\u0101ras naudas iz\u0146em\u0161anas metodes. Vislab\u0101k ir <strong>bie\u017ei sa\u0146emat nelielus reizin\u0101t\u0101jus.<\/strong> nevis zaud\u0113t visu, tiecoties uz M\u0113nesi. Ilgtermi\u0146\u0101 konsekvence vienm\u0113r atmaks\u0101jas.<\/p>\n\n\n\n<ol class=\"wp-block-list\">\n<li><strong>Iestatiet dienas zaud\u0113jumu limitu<\/strong>.<\/li>\n\n\n\n<li><strong>Izmaks\u0101jiet savu vinnestu<\/strong> 2x vai 3x.<\/li>\n\n\n\n<li><strong>Main\u012bt likmes<\/strong> atkar\u012bb\u0101 no j\u016bsu intu\u012bcijas.<\/li>\n<\/ol>\n\n\n\n<p>P\u0101rvaldiet savu bankrolu ar absol\u016btu stingr\u012bbu. Tas ir <strong>vien\u012bgais veids, k\u0101 iztur\u0113t<\/strong> Uncrossable Rush.<\/p>\n\n\n\n<h3 class=\"wp-block-heading\">Sezonas versijas Uncrossable Rush X-mas \u012bpatn\u012bbas<\/h3>\n\n\n\n<p>Tagad apl\u016bkosim Uncrossable Rush X-mas versiju. Skatuves izmai\u0146as a <strong>ziemas un sv\u0113tku atmosf\u0113ra \u013coti veiksm\u012bga<\/strong>. Vistas pat valk\u0101 mazu sarkanu cepur\u012bti.<\/p>\n\n\n\n<p>Es jums apliecinu, ka statistika nemain\u0101s. 97% RTP un reizin\u0101t\u0101ji nemain\u0101s. Tas ir tikai <strong>Ziemassv\u0113tku svin\u012bbu vizu\u0101l\u0101s p\u0101rmai\u0146as<\/strong>.<\/p>\n\n\n\n<p>Sp\u0113les baud\u012bjums \u0161eit paliek piln\u012bb\u0101 neskarts. \u0160\u012b sezon\u0101l\u0101 versija tikai ienes v\u0113lamo grafisko svaigumu. Uz <strong>sp\u0113les meh\u0101nika ir piln\u012bgi identiska<\/strong>.<\/p>\n\n\n\n<p>T\u0101 ir jauka alternat\u012bva, lai ziemas laik\u0101 main\u012btu izr\u0101des. <strong>Vinnesti ir tikpat re\u0101li un pievilc\u012bgi<\/strong>.<\/p>\n\n\n\n<p>Ar RTP 97% un augsto sv\u0101rst\u012bgumu \u0161\u012b sp\u0113le sola. <strong>vinnesti l\u012bdz pat 10 000 rei\u017eu liel\u0101ki par likmi.<\/strong>. Lai apstiprin\u0101tu savu viedokli par Uncrossable Rush, izm\u0113\u0123iniet bezmaksas versiju, pirms \u0137eraties pie d\u017eekpota. S\u0101ciet sp\u0113l\u0113t jau tagad, lai katru drosm\u012bgu \u0161\u0137\u0113rso\u0161anu p\u0101rv\u0113rstu ska\u013c\u0101 uzvar\u0101.<\/p>\n<\/div>","protected":false},"excerpt":{"rendered":"<p>Uncrossable Rush : \u0397 \u03c3\u03c4\u03c1\u03b1\u03c4\u03b7\u03b3\u03b9\u03ba\u03ae \u03b3\u03b9\u03b1 \u03bd\u03b1 \u03ba\u03b5\u03c1\u03b4\u03af\u03c3\u03b5\u03c4\u03b5 \u03c7\u03c1\u03ae\u03bc\u03b1\u03c4\u03b1 \u03c3\u03c4\u03bf \u03c0\u03b1\u03b9\u03c7\u03bd\u03af\u03b4\u03b9 \u03bc\u03b5 \u03c4\u03bf\u03bd \u03ba\u03cc\u03ba\u03bf\u03c1\u03b1 \u03c0\u03bf\u03c5 \u03b4\u03b9\u03b1\u03c3\u03c7\u03af\u03b6\u03b5\u03b9 \u03c4\u03bf\u03bd \u03b1\u03c5\u03c4\u03bf\u03ba\u03b9\u03bd\u03b7\u03c4\u03cc\u03b4\u03c1\u03bf\u03bc\u03bf \u039e\u03b5\u03ba\u03b9\u03bd\u03ae\u03c3\u03c4\u03b5 \u03bd\u03b1 \u03c0\u03b1\u03af\u03b6\u03b5\u03c4\u03b5 \u03c4\u03bf \u03c0\u03b1\u03b9\u03c7\u03bd\u03af\u03b4\u03b9 \u03bc\u03b5 \u03c4\u03bf\u03bd \u03ba\u03cc\u03ba\u03bf\u03c1\u03b1 \u03c0\u03bf\u03c5 \u03c0\u03c1\u03ad\u03c0\u03b5\u03b9 \u03bd\u03b1 \u03b4\u03b9\u03b1\u03c3\u03c7\u03af\u03c3\u03b5\u03b9 \u03c4\u03bf\u03bd \u03b1\u03c5\u03c4\u03bf\u03ba\u03b9\u03bd\u03b7\u03c4\u03cc\u03b4\u03c1\u03bf\u03bc\u03bf. \u0395\u03c0\u03c9\u03c6\u03b5\u03bb\u03b7\u03b8\u03b5\u03af\u03c4\u03b5 \u03b1\u03c0\u03cc \u03ad\u03bd\u03b1 \u03b5\u03be\u03b1\u03b9\u03c1\u03b5\u03c4\u03b9\u03ba\u03cc \u03bc\u03c0\u03cc\u03bd\u03bf\u03c5\u03c2 5.000\u20ac \u03b3\u03b9\u03b1 \u03bd\u03b1 \u03b4\u03bf\u03ba\u03b9\u03bc\u03ac\u03c3\u03b5\u03c4\u03b5 \u03c4\u03bf \u03c0\u03b1\u03b9\u03c7\u03bd\u03af\u03b4\u03b9! \u03a0\u0391\u0399\u039e\u03a4\u0395 \u03a3\u0395 \u039b\u0395\u0399\u03a4\u039f\u03a5\u03a1\u0393\u0399\u0391 DEMO \u03a0\u0391\u0399\u039e\u03a4\u0395 \u039c\u0395 \u03a0\u03a1\u0391\u0393\u039c\u0391\u03a4\u0399\u039a\u0391 \u03a7\u03a1\u0397\u039c\u0391\u03a4\u0391 \u0391\u03be\u03b9\u03bf\u03bb\u03cc\u03b3\u03b7\u03c3\u03b7 Uncrossable Rush: \u0395\u03af\u03bd\u03b1\u03b9 &#8230; <a title=\"home1\" class=\"read-more\" href=\"https:\/\/uncrossablerush.gr.com\/lv\/\" aria-label=\"Read more about home1\">Read more<\/a><\/p>","protected":false},"author":1,"featured_media":0,"parent":0,"menu_order":0,"comment_status":"closed","ping_status":"closed","template":"","meta":{"footnotes":""},"class_list":["post-58","page","type-page","status-publish"],"_links":{"self":[{"href":"https:\/\/uncrossablerush.gr.com\/lv\/wp-json\/wp\/v2\/pages\/58","targetHints":{"allow":["GET"]}}],"collection":[{"href":"https:\/\/uncrossablerush.gr.com\/lv\/wp-json\/wp\/v2\/pages"}],"about":[{"href":"https:\/\/uncrossablerush.gr.com\/lv\/wp-json\/wp\/v2\/types\/page"}],"author":[{"embeddable":true,"href":"https:\/\/uncrossablerush.gr.com\/lv\/wp-json\/wp\/v2\/users\/1"}],"replies":[{"embeddable":true,"href":"https:\/\/uncrossablerush.gr.com\/lv\/wp-json\/wp\/v2\/comments?post=58"}],"version-history":[{"count":58,"href":"https:\/\/uncrossablerush.gr.com\/lv\/wp-json\/wp\/v2\/pages\/58\/revisions"}],"predecessor-version":[{"id":269,"href":"https:\/\/uncrossablerush.gr.com\/lv\/wp-json\/wp\/v2\/pages\/58\/revisions\/269"}],"wp:attachment":[{"href":"https:\/\/uncrossablerush.gr.com\/lv\/wp-json\/wp\/v2\/media?parent=58"}],"curies":[{"name":"wp","href":"https:\/\/api.w.org\/{rel}","templated":true}]}}