{"id":58,"date":"2025-10-28T04:39:00","date_gmt":"2025-10-28T04:39:00","guid":{"rendered":"https:\/\/uncrossablerush.gr.com\/?page_id=58"},"modified":"2026-02-06T10:03:50","modified_gmt":"2026-02-06T10:03:50","slug":"home1","status":"publish","type":"page","link":"https:\/\/uncrossablerush.gr.com\/pl\/","title":{"rendered":"home1"},"content":{"rendered":"<section class=\"gb-element-c0819d6c banner\">\n<div class=\"gb-element-0659d418\">\n<div class=\"wp-block-columns is-layout-flex wp-container-core-columns-is-layout-9d6595d7 wp-block-columns-is-layout-flex\">\n<div class=\"wp-block-column is-layout-flow wp-block-column-is-layout-flow\">\n<h2 class=\"gb-text gb-text-155ce4c1\">Uncrossable Rush: Strategia wygrywania pieni\u0119dzy w grze z kogutem przechodz\u0105cym przez autostrad\u0119<\/h2>\n\n\n\n<p class=\"has-text-align-center has-base-3-color has-text-color has-link-color wp-elements-5c45ec9dd0a1512c089f0d5fdfdfd2df\"><strong>Rozpocznij gr\u0119 z kogutem, kt\u00f3ry musi przej\u015b\u0107 przez autostrad\u0119. Skorzystaj z doskona\u0142ego bonusu w wysoko\u015bci 5 000 \u20ac, aby wypr\u00f3bowa\u0107 gr\u0119!<\/strong><\/p>\n\n\n\n<div class=\"wp-block-columns is-layout-flex wp-container-core-columns-is-layout-9d6595d7 wp-block-columns-is-layout-flex\">\n<div class=\"wp-block-column is-layout-flow wp-block-column-is-layout-flow\" style=\"flex-basis:20px\"><\/div>\n\n\n\n<div class=\"wp-block-column is-layout-flow wp-block-column-is-layout-flow\">\n<a class=\"gb-text gb-text-50c1af7c\" href=\"\/play\/\">GRA W TRYBIE DEMO<\/a>\n<\/div>\n\n\n\n<div class=\"wp-block-column is-layout-flow wp-block-column-is-layout-flow\">\n<a class=\"gb-text gb-text-6d7e1e7e\" href=\"\/play\/\">GRAJ ZA PRAWDZIWE PIENI\u0104DZE<\/a>\n<\/div>\n\n\n\n<div class=\"wp-block-column is-layout-flow wp-block-column-is-layout-flow\" style=\"flex-basis:20px\"><\/div>\n<\/div>\n<\/div>\n<\/div>\n<\/div>\n<\/section>\n\n\n\n<div class=\"gb-element-5775e498\">\n<h1 class=\"wp-block-heading\">Recenzja Uncrossable Rush: czy ta gra jest niezawodna?<\/h1>\n\n\n\n<p>Masz do\u015b\u0107 pozwalania czystemu szcz\u0119\u015bciu decydowa\u0107 o twoim losie w klasycznych automatach bez prawdziwej interakcji lub mo\u017cliwo\u015bci podejmowania decyzji? W naszej recenzji Uncrossable Rush przygl\u0105damy si\u0119 temu wyj\u0105tkowemu tytu\u0142owi Evoplay, kt\u00f3ry przywraca ci kontrol\u0119 poprzez <strong>mechanizm przecinania dr\u00f3g, kt\u00f3ry jest zar\u00f3wno m\u0119cz\u0105cy, jak i op\u0142acalny<\/strong>. Dowiedz si\u0119 teraz, jak skorzysta\u0107 z hojnego RTP 97%, aby spr\u00f3bowa\u0107 wygra\u0107 maksymaln\u0105 nagrod\u0119 w wysoko\u015bci 10 000-krotno\u015bci stawki, dzi\u0119ki naszym strategiom zarz\u0105dzania ryzykiem.<\/p>\n\n\n\n<ol class=\"wp-block-list\">\n<li><a href=\"#gnomi-uncrossable-rush-crash-game\">Nasza opinia o Uncrossable Rush: gra typu crash z du\u017cym potencja\u0142em<\/a><\/li>\n\n\n\n<li><a href=\"#epipeda-dyskolias-pollaplasiastes\">4 poziomy trudno\u015bci umo\u017cliwiaj\u0105ce dostosowanie mno\u017cnik\u00f3w<\/a><\/li>\n\n\n\n<li><a href=\"#axiopistia-logismikou-demo\">Niezawodno\u015b\u0107 oprogramowania i bezp\u0142atny dost\u0119p do wersji demonstracyjnej<\/a><\/li>\n\n\n\n<li><a href=\"#stratigikes-kerdoforias-evoplay\">3 strategie, aby wygra\u0107 w tym tytule Evoplay<\/a><\/li>\n<\/ol>\n\n\n\n<h2 class=\"wp-block-heading\" id=\"gnomi-uncrossable-rush-crash-game\">Nasza opinia o Uncrossable Rush: gra typu crash z du\u017cym potencja\u0142em<\/h2>\n\n\n\n<p>Ten tytu\u0142 <strong>gwa\u0142townie podwa\u017ca zwyk\u0142e zasady<\/strong> kasyno, wi\u0119c zapomnij o wszystkim, co my\u015bla\u0142e\u015b, \u017ce wiesz o tradycyjnych automatach do gier.<\/p>\n\n\n\n<h3 class=\"wp-block-heading\">Pomys\u0142 Evoplay z dala od slot\u00f3w<\/h3>\n\n\n\n<p>Ta gra w niczym nie przypomina klasycznych automat\u00f3w do gry. Nie ma tu k\u00f3\u0142, ale odwa\u017cny kurczak przekraczaj\u0105cy drog\u0119 pe\u0142n\u0105 ruchu. <strong>Zmiana scenerii jest ca\u0142kowita dla gracza<\/strong>.<\/p>\n\n\n\n<p>Evoplay staje si\u0119 genialnym tw\u00f3rc\u0105 tego wyj\u0105tkowego do\u015bwiadczenia. Deweloper stawia na r\u0119czn\u0105 interakcj\u0119 z graczem, w przeciwie\u0144stwie do pasywnych gier. Jest to <strong>nowoczesna i bardzo dynamiczna gra crash<\/strong> kt\u00f3ry przyci\u0105ga uwag\u0119.<\/p>\n\n\n\n<p>Zachowaj pe\u0142n\u0105 kontrol\u0119 nad ka\u017cdym podejmowanym krokiem. Post\u0119puj krok po kroku, kalkuluj\u0105c ka\u017cde podejmowane ryzyko. Ten mechanizm <strong>jest radykalnym przeciwie\u0144stwem zwyk\u0142ych automatycznych obrot\u00f3w<\/strong> znalezione gdzie indziej na rynku.<\/p>\n\n\n\n<p>Rozgrywka pozostaje niezwykle intuicyjna. Szybko zrozumiesz, jak omija\u0107 samochody, aby unikn\u0105\u0107 samochod\u00f3w, aby <strong>zwyci\u0119stwo<\/strong>.<\/p>\n\n\n\n<h3 class=\"wp-block-heading\">Analiza <strong>RTP<\/strong> 97% i wysoka zmienno\u015b\u0107<\/h3>\n\n\n\n<p>Por\u00f3wnaj ten silny RTP wynosz\u0105cy 97% z popularnymi klasycznymi grami, takimi jak Starburst. Ten wska\u017anik jest udowodniony <strong>znacznie bardziej hojny dla wymagaj\u0105cych graczy<\/strong>. Jest to przekonuj\u0105cy argument na rzecz Twojej strategii.<\/p>\n\n\n\n<p>Porozmawiajmy otwarcie o wysokiej zmienno\u015bci tego tytu\u0142u. Zyski mog\u0105 by\u0107 ogromne, ale wymagaj\u0105 niez\u0142omnej cierpliwo\u015bci. Musisz zaakceptowa\u0107, \u017ce b\u0119dziesz <strong>przegra\u0107 kilka zak\u0142ad\u00f3w, zanim trafisz du\u017cy zak\u0142ad<\/strong> tak d\u0142ugo czeka\u0142e\u015b.<\/p>\n\n\n\n<ul class=\"wp-block-list\">\n<li>RTP: 97%<\/li>\n\n\n\n<li><strong>Zmienno\u015b\u0107<\/strong>Wysoki<\/li>\n\n\n\n<li><strong>Prasa<\/strong>Gra Crash<\/li>\n\n\n\n<li><strong>Dostawca<\/strong>Evoplay<\/li>\n<\/ul>\n\n\n\n<p>Ta techniczna kombinacja <strong>wyra\u017anie faworyzuje du\u017ce mno\u017cniki<\/strong>. Mi\u0142o\u015bnicy adrenaliny b\u0119d\u0105 zachwyceni.<\/p>\n\n\n\n<h2 class=\"wp-block-heading\" id=\"epipeda-dyskolias-pollaplasiastes\">4 poziomy trudno\u015bci umo\u017cliwiaj\u0105ce dostosowanie mno\u017cnik\u00f3w<\/h2>\n\n\n\n<p>Zobaczmy teraz, jak <strong>gra toczy si\u0119 konkretnie<\/strong> na asfalcie.<\/p>\n\n\n\n<h3 class=\"wp-block-heading\">Mechanizmy gry i post\u0119py kurczaka na drodze<\/h3>\n\n\n\n<p>Ka\u017cdy udany krok Eggwina <strong>natychmiast zwi\u0119ksza mno\u017cnik<\/strong>. Musisz jecha\u0107 24-pasmow\u0105 autostrad\u0105, nie daj\u0105c si\u0119 trafi\u0107. Im dalej, tym bardziej intensywnie.<\/p>\n\n\n\n<p>Pasek Rush zape\u0142nia si\u0119 w miar\u0119 post\u0119p\u00f3w. Pozwala na <strong>Odblokuj potencjalne bonusy<\/strong> podczas sesji. Jest to szczeg\u00f3\u0142, kt\u00f3ry zwi\u0119ksza zainteresowanie jazd\u0105.<\/p>\n\n\n\n<p>Sam decydujesz, kiedy przesta\u0107. Wyp\u0142ata got\u00f3wki w dowolnym momencie jest mo\u017cliwa przed wypadkiem. Jest to klucz do <strong>nie sko\u0144cz zmia\u017cd\u017cony<\/strong>.<\/p>\n\n\n\n<p>Rytm jest intensywny. Ka\u017cde klikni\u0119cie to <strong>Strategiczna decyzja dla Twojego portfela<\/strong>.<\/p>\n\n\n\n<h3 class=\"wp-block-heading\">Por\u00f3wnanie zarobk\u00f3w pomi\u0119dzy Eucolo i Hardcore<\/h3>\n\n\n\n<p>Ta tabela pokazuje wp\u0142yw poziomu trudno\u015bci na twoje szanse. Tryb Hardcore oferuje <strong>gwa\u0142towne przyrosty w por\u00f3wnaniu do zwyk\u0142ego chodu<\/strong> \u0142atwej obs\u0142ugi.<\/p>\n\n\n\n<figure class=\"wp-block-table\"><table class=\"has-fixed-layout\"><thead><tr><th>Poziom<\/th><th>Ryzyko<\/th><th>Maksymalny mno\u017cnik<\/th><th>Profil gracza<\/th><\/tr><\/thead><tbody><tr><td>\u0141atwy<\/td><td>Niski<\/td><td>\u015aredni<\/td><td>Rozwa\u017cny<\/td><\/tr><tr><td>\u015arodek<\/td><td>Zr\u00f3wnowa\u017cony<\/td><td>Wysoki<\/td><td>Regularny<\/td><\/tr><tr><td>Trudne<\/td><td>Wysoki<\/td><td>Bardzo wa\u017cne<\/td><td>Strategiczny<\/td><\/tr><tr><td>Hardcore<\/td><td>Ekstremalny<\/td><td>Wybuchowy<\/td><td>Ryzyko<\/td><\/tr><\/tbody><\/table><\/figure>\n\n\n\n<p>The <strong>Maksymalna wygrana mo\u017ce osi\u0105gn\u0105\u0107 10 000-krotno\u015b\u0107 pocz\u0105tkowego zak\u0142adu<\/strong>. To imponuj\u0105ca liczba dla tego typu gry, kt\u00f3ra uzasadnia ryzyko.<\/p>\n\n\n\n<p><strong>R\u00f3\u017cnice w ryzyku s\u0105 brutalne<\/strong>. W trybie \u0142atwym samochody s\u0105 rzadko\u015bci\u0105. W trybie hardcore droga to prawdziwe piek\u0142o.<\/p>\n\n\n\n<p>Wybierz w zale\u017cno\u015bci od bud\u017cetu. <strong>Roztropno\u015b\u0107 cz\u0119sto op\u0142aca si\u0119 na d\u0142u\u017csz\u0105 met\u0119<\/strong>.<\/p>\n\n\n\n<h2 class=\"wp-block-heading\" id=\"axiopistia-logismikou-demo\">Niezawodno\u015b\u0107 oprogramowania i bezp\u0142atny dost\u0119p do wersji demonstracyjnej<\/h2>\n\n\n\n<p>Poza przyjemno\u015bci\u0105 z gry, <strong>Kwestia bezpiecze\u0144stwa pozostaje najwa\u017cniejsza<\/strong> dla ka\u017cdego powa\u017cnego gracza.<\/p>\n\n\n\n<h3 class=\"wp-block-heading\">Technologia Provably Fair i bezpiecze\u0144stwo loterii<\/h3>\n\n\n\n<p>Uncrossable Rush udowadnia swoj\u0105 uczciwo\u015b\u0107 dzi\u0119ki wbudowanej technologii Provably Fair. System ten wykorzystuje blockchain do <strong>gwarancja ca\u0142kowitej przejrzysto\u015bci<\/strong> ka\u017cdego ruchu. \u017badne sztuczki nie s\u0105 tutaj mo\u017cliwe.<\/p>\n\n\n\n<p>Nie obawiaj si\u0119 oszustwa w tym tytule. Dostawca przechodzi regularne audyty przeprowadzane przez niezale\u017cne organizacje w celu walidacji RNG. <strong>Twoje pieni\u0105dze i szanse na wygran\u0105 s\u0105 chronione<\/strong> wed\u0142ug \u015bcis\u0142ych protoko\u0142\u00f3w.<\/p>\n\n\n\n<p>Nale\u017cy pami\u0119ta\u0107, \u017ce ka\u017cde losowanie jest weryfikowalne przez gracza za pomoc\u0105 hashy. Jest to dow\u00f3d dobrej wiary ze strony Evoplay. <strong>Zaufanie jest zatem absolutne<\/strong>.<\/p>\n\n\n\n<p>Graj z cich\u0105 g\u0142ow\u0105. \u0397 <strong>szcz\u0119\u015bcie tutaj jest czyste i certyfikowane<\/strong> z kodu.<\/p>\n\n\n\n<h3 class=\"wp-block-heading\">Graj bez rejestracji na urz\u0105dzeniach mobilnych i PC<\/h3>\n\n\n\n<p><strong>Skorzystaj z bezp\u0142atnej wersji demonstracyjnej<\/strong>. Pozwala wypr\u00f3bowa\u0107 r\u00f3\u017cne poziomy trudno\u015bci bez ryzykowania ani centa. To idealny spos\u00f3b na trening przed prawdziw\u0105 gr\u0105.<\/p>\n\n\n\n<p><strong>Optymalizacja mobilna tej gry jest niezwyk\u0142a<\/strong>. Interfejs idealnie dostosowuje si\u0119 do ma\u0142ych ekran\u00f3w smartfon\u00f3w bez utraty jako\u015bci. Mo\u017cesz sprawi\u0107, \u017ce Tw\u00f3j kurczak przejdzie przez drog\u0119 w transporcie lub w innym miejscu. Jest bardzo \u0142atwy w u\u017cyciu.<\/p>\n\n\n\n<p><strong>Dost\u0119p do gry jest natychmiastowy<\/strong>. Nie musisz tworzy\u0107 konta, aby rozpocz\u0105\u0107 szybk\u0105 parti\u0119 testow\u0105. Wszystko odbywa si\u0119 za pomoc\u0105 jednego klikni\u0119cia w przegl\u0105darce.<\/p>\n\n\n\n<p>P\u0142ynno\u015b\u0107 jest gwarantowana zar\u00f3wno na komputerze, jak i tablecie. <strong>Do\u015bwiadczenie pozostaje identyczne<\/strong>.<\/p>\n\n\n\n<h2 class=\"wp-block-heading\" id=\"stratigikes-kerdoforias-evoplay\">3 strategie, aby wygra\u0107 w tym tytule Evoplay<\/h2>\n\n\n\n<p>Aby idealnie zako\u0144czy\u0107 t\u0119 ocen\u0119 Uncrossable Rush, zobaczmy, jak to zrobi\u0107 <strong>Przekszta\u0142\u0107 swoje sesje w namacalne i znacz\u0105ce zyski<\/strong>.<\/p>\n\n\n\n<h3 class=\"wp-block-heading\">Zarz\u0105dzanie zak\u0142adami i idealny czas na wyp\u0142at\u0119<\/h3>\n\n\n\n<p>Ustal bardzo jasny cel zysku przed rozpocz\u0119ciem gry. Nie b\u0105d\u017a zbyt chciwy w obliczu du\u017cego ruchu. <strong>Wiedza o tym, kiedy przesta\u0107, jest pierwsz\u0105 zasad\u0105 zwyci\u0119zcy<\/strong>.<\/p>\n\n\n\n<p>Korzystaj z regularnych metod wyp\u0142aty got\u00f3wki, aby zabezpieczy\u0107 swoje \u015brodki. Najlepiej jest <strong>cz\u0119sto otrzymujesz ma\u0142e mno\u017cniki<\/strong> zamiast straci\u0107 wszystko, d\u0105\u017c\u0105c do ksi\u0119\u017cyca. Konsekwencja zawsze si\u0119 op\u0142aca na d\u0142u\u017csz\u0105 met\u0119.<\/p>\n\n\n\n<ol class=\"wp-block-list\">\n<li><strong>Ustaw dzienny limit strat<\/strong>.<\/li>\n\n\n\n<li><strong>Wyp\u0142ata wygranych<\/strong> 2x lub 3x.<\/li>\n\n\n\n<li><strong>Zmiana zak\u0142ad\u00f3w<\/strong> w zale\u017cno\u015bci od intuicji.<\/li>\n<\/ol>\n\n\n\n<p>Zarz\u0105dzaj swoim bankrollem z absolutn\u0105 dyscyplin\u0105. Jest to <strong>jedyny spos\u00f3b na przetrwanie<\/strong> w Uncrossable Rush.<\/p>\n\n\n\n<h3 class=\"wp-block-heading\">Osobliwo\u015bci sezonowej wersji Uncrossable Rush X-mas<\/h3>\n\n\n\n<p>Przyjrzyjmy si\u0119 teraz wersji Uncrossable Rush X-mas. Scena zmienia si\u0119 na <strong>zimowa i \u015bwi\u0105teczna atmosfera bardzo udana<\/strong>. Kurczak nosi nawet ma\u0142\u0105 czerwon\u0105 czapeczk\u0119.<\/p>\n\n\n\n<p>Zapewniam, \u017ce statystyki pozostaj\u0105 takie same. RTP 97% i mno\u017cniki w og\u00f3le si\u0119 nie zmieniaj\u0105. To tylko <strong>Zmiana wizualna na \u015bwi\u0119ta Bo\u017cego Narodzenia<\/strong>.<\/p>\n\n\n\n<p>Przyjemno\u015b\u0107 z gry pozostaje tutaj ca\u0142kowicie nienaruszona. Ta sezonowa wersja wnosi jedynie nieco \u015bwie\u017co\u015bci graficznej. The <strong>Mechanika gry jest \u015bci\u015ble identyczna<\/strong>.<\/p>\n\n\n\n<p>To mi\u0142a alternatywa dla zmiany program\u00f3w w zimie. <strong>Wygrane s\u0105 r\u00f3wnie realne i atrakcyjne<\/strong>.<\/p>\n\n\n\n<p>Z RTP wynosz\u0105cym 97% i wysok\u0105 zmienno\u015bci\u0105, tytu\u0142 ten obiecuje <strong>wygrane do 10 000-krotno\u015bci stawki<\/strong>. Aby potwierdzi\u0107 swoj\u0105 opini\u0119 o Uncrossable Rush, wypr\u00f3buj darmow\u0105 wersj\u0119, zanim zaczniesz celowa\u0107 w jackpota. Zacznij gra\u0107 ju\u017c teraz, aby zamieni\u0107 ka\u017cde \u015bmia\u0142e przej\u015bcie w g\u0142o\u015bne zwyci\u0119stwo.<\/p>\n<\/div>","protected":false},"excerpt":{"rendered":"<p>Uncrossable Rush : \u0397 \u03c3\u03c4\u03c1\u03b1\u03c4\u03b7\u03b3\u03b9\u03ba\u03ae \u03b3\u03b9\u03b1 \u03bd\u03b1 \u03ba\u03b5\u03c1\u03b4\u03af\u03c3\u03b5\u03c4\u03b5 \u03c7\u03c1\u03ae\u03bc\u03b1\u03c4\u03b1 \u03c3\u03c4\u03bf \u03c0\u03b1\u03b9\u03c7\u03bd\u03af\u03b4\u03b9 \u03bc\u03b5 \u03c4\u03bf\u03bd \u03ba\u03cc\u03ba\u03bf\u03c1\u03b1 \u03c0\u03bf\u03c5 \u03b4\u03b9\u03b1\u03c3\u03c7\u03af\u03b6\u03b5\u03b9 \u03c4\u03bf\u03bd \u03b1\u03c5\u03c4\u03bf\u03ba\u03b9\u03bd\u03b7\u03c4\u03cc\u03b4\u03c1\u03bf\u03bc\u03bf \u039e\u03b5\u03ba\u03b9\u03bd\u03ae\u03c3\u03c4\u03b5 \u03bd\u03b1 \u03c0\u03b1\u03af\u03b6\u03b5\u03c4\u03b5 \u03c4\u03bf \u03c0\u03b1\u03b9\u03c7\u03bd\u03af\u03b4\u03b9 \u03bc\u03b5 \u03c4\u03bf\u03bd \u03ba\u03cc\u03ba\u03bf\u03c1\u03b1 \u03c0\u03bf\u03c5 \u03c0\u03c1\u03ad\u03c0\u03b5\u03b9 \u03bd\u03b1 \u03b4\u03b9\u03b1\u03c3\u03c7\u03af\u03c3\u03b5\u03b9 \u03c4\u03bf\u03bd \u03b1\u03c5\u03c4\u03bf\u03ba\u03b9\u03bd\u03b7\u03c4\u03cc\u03b4\u03c1\u03bf\u03bc\u03bf. \u0395\u03c0\u03c9\u03c6\u03b5\u03bb\u03b7\u03b8\u03b5\u03af\u03c4\u03b5 \u03b1\u03c0\u03cc \u03ad\u03bd\u03b1 \u03b5\u03be\u03b1\u03b9\u03c1\u03b5\u03c4\u03b9\u03ba\u03cc \u03bc\u03c0\u03cc\u03bd\u03bf\u03c5\u03c2 5.000\u20ac \u03b3\u03b9\u03b1 \u03bd\u03b1 \u03b4\u03bf\u03ba\u03b9\u03bc\u03ac\u03c3\u03b5\u03c4\u03b5 \u03c4\u03bf \u03c0\u03b1\u03b9\u03c7\u03bd\u03af\u03b4\u03b9! \u03a0\u0391\u0399\u039e\u03a4\u0395 \u03a3\u0395 \u039b\u0395\u0399\u03a4\u039f\u03a5\u03a1\u0393\u0399\u0391 DEMO \u03a0\u0391\u0399\u039e\u03a4\u0395 \u039c\u0395 \u03a0\u03a1\u0391\u0393\u039c\u0391\u03a4\u0399\u039a\u0391 \u03a7\u03a1\u0397\u039c\u0391\u03a4\u0391 \u0391\u03be\u03b9\u03bf\u03bb\u03cc\u03b3\u03b7\u03c3\u03b7 Uncrossable Rush: \u0395\u03af\u03bd\u03b1\u03b9 &#8230; <a title=\"home1\" class=\"read-more\" href=\"https:\/\/uncrossablerush.gr.com\/pl\/\" aria-label=\"Dowiedz si\u0119 wi\u0119cej o home1\">Czytaj dalej<\/a><\/p>","protected":false},"author":1,"featured_media":0,"parent":0,"menu_order":0,"comment_status":"closed","ping_status":"closed","template":"","meta":{"footnotes":""},"class_list":["post-58","page","type-page","status-publish"],"_links":{"self":[{"href":"https:\/\/uncrossablerush.gr.com\/pl\/wp-json\/wp\/v2\/pages\/58","targetHints":{"allow":["GET"]}}],"collection":[{"href":"https:\/\/uncrossablerush.gr.com\/pl\/wp-json\/wp\/v2\/pages"}],"about":[{"href":"https:\/\/uncrossablerush.gr.com\/pl\/wp-json\/wp\/v2\/types\/page"}],"author":[{"embeddable":true,"href":"https:\/\/uncrossablerush.gr.com\/pl\/wp-json\/wp\/v2\/users\/1"}],"replies":[{"embeddable":true,"href":"https:\/\/uncrossablerush.gr.com\/pl\/wp-json\/wp\/v2\/comments?post=58"}],"version-history":[{"count":58,"href":"https:\/\/uncrossablerush.gr.com\/pl\/wp-json\/wp\/v2\/pages\/58\/revisions"}],"predecessor-version":[{"id":269,"href":"https:\/\/uncrossablerush.gr.com\/pl\/wp-json\/wp\/v2\/pages\/58\/revisions\/269"}],"wp:attachment":[{"href":"https:\/\/uncrossablerush.gr.com\/pl\/wp-json\/wp\/v2\/media?parent=58"}],"curies":[{"name":"wp","href":"https:\/\/api.w.org\/{rel}","templated":true}]}}